{"id":1523,"date":"2020-03-30T15:21:36","date_gmt":"2020-03-30T15:21:36","guid":{"rendered":"http:\/\/aimint.org\/ca-fr\/?page_id=1523"},"modified":"2024-04-02T22:13:38","modified_gmt":"2024-04-02T22:13:38","slug":"next-steps","status":"publish","type":"page","link":"https:\/\/aimint.org\/ca-fr\/connect\/next-steps\/","title":{"rendered":"Next Steps"},"content":{"rendered":"<p>[et_pb_section fb_built=&#8221;1&#8243; fullwidth=&#8221;on&#8221; admin_label=&#8221;Serve sub-header&#8221; _builder_version=&#8221;4.16&#8243; bottom_divider_style=&#8221;wave&#8221; bottom_divider_color=&#8221;#ffffff&#8221; bottom_divider_height=&#8221;33px&#8221; bottom_divider_flip=&#8221;horizontal&#8221; collapsed=&#8221;on&#8221; global_colors_info=&#8221;{}&#8221;][et_pb_fullwidth_image src=&#8221;https:\/\/aimint.org\/ca-fr\/wp-content\/uploads\/sites\/47\/2020\/03\/banner-serve-1.jpg&#8221; _builder_version=&#8221;4.16&#8243; global_colors_info=&#8221;{}&#8221;][\/et_pb_fullwidth_image][\/et_pb_section][et_pb_section fb_built=&#8221;1&#8243; admin_label=&#8221;Intro Candidate team&#8221; _builder_version=&#8221;4.16&#8243; custom_padding=&#8221;||||true&#8221; collapsed=&#8221;off&#8221; global_colors_info=&#8221;{}&#8221;][et_pb_row _builder_version=&#8221;4.16&#8243; global_colors_info=&#8221;{}&#8221;][et_pb_column type=&#8221;4_4&#8243; _builder_version=&#8221;4.16&#8243; global_colors_info=&#8221;{}&#8221;][et_pb_text _builder_version=&#8221;4.16&#8243; header_text_color=&#8221;#bb2633&#8243; global_colors_info=&#8221;{}&#8221;]<\/p>\n<h2 style=\"text-align: center;\"><span style=\"color: #bb2633;\">Servir avec l\u2019AIM &#8211; Prochaines \u00e9tapes<br \/><\/span><\/h2>\n<p>[\/et_pb_text][\/et_pb_column][\/et_pb_row][et_pb_row column_structure=&#8221;1_2,1_2&#8243; _builder_version=&#8221;4.16&#8243; background_size=&#8221;initial&#8221; background_position=&#8221;top_left&#8221; background_repeat=&#8221;repeat&#8221; global_colors_info=&#8221;{}&#8221;][et_pb_column type=&#8221;1_2&#8243; _builder_version=&#8221;4.16&#8243; custom_padding=&#8221;|||&#8221; global_colors_info=&#8221;{}&#8221; custom_padding__hover=&#8221;|||&#8221;][et_pb_text _builder_version=&#8221;4.16&#8243; text_text_color=&#8221;#474747&#8243; header_text_color=&#8221;#bb2633&#8243; header_2_font_size=&#8221;35px&#8221; header_3_text_color=&#8221;#474747&#8243; z_index_tablet=&#8221;500&#8243; box_shadow_horizontal_tablet=&#8221;0px&#8221; box_shadow_vertical_tablet=&#8221;0px&#8221; box_shadow_blur_tablet=&#8221;40px&#8221; box_shadow_spread_tablet=&#8221;0px&#8221; global_colors_info=&#8221;{}&#8221;]<\/p>\n<h3>Bienvenue sur une route moins fr\u00e9quent\u00e9e,<\/h3>\n<p class=\"p1\">o\u00f9 beaucoup de Land Rovers et de voyageurs sont pass\u00e9s. L\u00e0 o\u00f9 des hommes et des femmes captiv\u00e9s par l\u2019amour de Christ abordent avec courage un voyage qui commence par un murmure: \u00abQui ira pour moi?\u00bb<\/p>\n<p class=\"p1\">Il y a de fortes chances que vous ayez ressenti ce chuchotement et que vous soyez quelque part en train de r\u00e9pondre. Il y a beaucoup \u00e0 consid\u00e9rer et beaucoup \u00e0 apprendre. Le travail missionnaire, qu&#8217;il soit \u00e0 court ou \u00e0 long terme, est une route moins fr\u00e9quent\u00e9e pour une raison. C\u2019est un travail stimulant et humiliant. Et m\u00eame si vous le souhaitez, vous ne savez pas toujours comment y arriver.<\/p>\n<p class=\"p1\"><span style=\"font-size: large;\"><strong>C\u2019est l\u00e0 que nous pouvons vous aider.<\/strong><\/span> Notre \u00e9quipe de mobilisateurs comprend votre point de vue et vos questions. Notre objectif en travaillant avec vous est double: vous aider \u00e0 d\u00e9terminer si l&#8217;AIM en tant qu&#8217;organisme d&#8217;envoi peut \u00eatre un bon choix, et si oui, vous aider \u00e0 trouver votre place parmi un large \u00e9ventail d&#8217;opportunit\u00e9s de minist\u00e8re.<\/p>\n<p class=\"p1\">Au fil des ans, nous avons guid\u00e9 de nombreuses personnes vers un minist\u00e8re enrichissant et fructueux parmi les peuples africains. C&#8217;est peut-\u00eatre aussi le chemin que Dieu a trac\u00e9 pour vous.<\/p>\n<p class=\"p1\">Lorsque vous \u00eates pr\u00eat, la prochaine \u00e9tape consiste \u00e0 remplir le court formulaire \u00ab\u00a0Pour faire votre connaissance\u00a0\u00bb afin que nous puissions mieux vous conna\u00eetre. <span style=\"font-size: large;\"><strong>Si vous avez des questions<\/strong><\/span> &#8211; sur le service en g\u00e9n\u00e9ral ou sur des opportunit\u00e9s sp\u00e9cifiques &#8211; n&#8217;h\u00e9sitez pas \u00e0 les poser.<\/p>\n<p class=\"p1\">Merci de nous donner le privil\u00e8ge de cheminer avec vous!<\/p>\n<p class=\"p1\"><span style=\"font-size: large;\"><em><strong>&#8211; L&#8217;\u00e9quipe de mobilisateurs de l\u2019AIM Canada<\/strong><\/em><\/span><\/p>\n<p>[\/et_pb_text][\/et_pb_column][et_pb_column type=&#8221;1_2&#8243; _builder_version=&#8221;4.16&#8243; custom_padding=&#8221;|||&#8221; global_colors_info=&#8221;{}&#8221; custom_padding__hover=&#8221;|||&#8221;][et_pb_image src=&#8221;https:\/\/aimint.org\/ca-fr\/wp-content\/uploads\/sites\/47\/2020\/03\/WhatsApp-Image-2019-08-29-at-4.17.41-PM.jpg&#8221; align_tablet=&#8221;center&#8221; align_phone=&#8221;&#8221; align_last_edited=&#8221;on|desktop&#8221; _builder_version=&#8221;4.16&#8243; max_width_tablet=&#8221;80px&#8221; max_width_last_edited=&#8221;off|tablet&#8221; custom_margin=&#8221;13px||||false|false&#8221; z_index_tablet=&#8221;500&#8243; box_shadow_style=&#8221;preset3&#8243; box_shadow_vertical_tablet=&#8221;0px&#8221; box_shadow_blur_tablet=&#8221;40px&#8221; box_shadow_spread_tablet=&#8221;0px&#8221; animation=&#8221;off&#8221; global_colors_info=&#8221;{}&#8221;][\/et_pb_image][\/et_pb_column][\/et_pb_row][\/et_pb_section][et_pb_section fb_built=&#8221;1&#8243; admin_label=&#8221;2 choices&#8221; _builder_version=&#8221;4.16&#8243; custom_padding=&#8221;0px||0px|&#8221; global_colors_info=&#8221;{}&#8221;][et_pb_row column_structure=&#8221;1_2,1_2&#8243; use_custom_gutter=&#8221;on&#8221; gutter_width=&#8221;1&#8243; make_equal=&#8221;on&#8221; admin_label=&#8221;2 choices&#8221; _builder_version=&#8221;4.16&#8243; width=&#8221;100%&#8221; max_width=&#8221;100%&#8221; custom_padding=&#8221;0px||0px|&#8221; hover_enabled=&#8221;0&#8243; use_custom_width=&#8221;on&#8221; width_unit=&#8221;off&#8221; custom_width_percent=&#8221;100%&#8221; global_colors_info=&#8221;{}&#8221; sticky_enabled=&#8221;0&#8243;][et_pb_column type=&#8221;1_2&#8243; _builder_version=&#8221;4.16&#8243; background_color=&#8221;#6b6b6b&#8221; custom_padding=&#8221;7%|5%|7%|5%&#8221; global_colors_info=&#8221;{}&#8221; custom_padding__hover=&#8221;|||&#8221;][et_pb_text admin_label=&#8221;Title&#8221; _builder_version=&#8221;4.16&#8243; header_2_text_align=&#8221;center&#8221; header_2_font_size=&#8221;36px&#8221; header_2_line_height=&#8221;1.2em&#8221; text_orientation=&#8221;center&#8221; background_layout=&#8221;dark&#8221; max_width=&#8221;550px&#8221; module_alignment=&#8221;center&#8221; custom_margin=&#8221;||0px|&#8221; custom_padding=&#8221;|||&#8221; animation_style=&#8221;fade&#8221; animation_direction=&#8221;top&#8221; locked=&#8221;off&#8221; global_colors_info=&#8221;{}&#8221;]<\/p>\n<h2>Vous avez une question sur le service?<\/h2>\n<p>[\/et_pb_text][et_pb_divider divider_position=&#8221;center&#8221; divider_weight=&#8221;3px&#8221; _builder_version=&#8221;4.16&#8243; max_width=&#8221;50px&#8221; module_alignment=&#8221;center&#8221; animation_style=&#8221;slide&#8221; animation_direction=&#8221;top&#8221; animation_intensity_slide=&#8221;10%&#8221; animation_starting_opacity=&#8221;100%&#8221; locked=&#8221;off&#8221; global_colors_info=&#8221;{}&#8221;]<\/p>\n<p>\n&nbsp;<\/p>\n<p>[\/et_pb_divider][et_pb_text _builder_version=&#8221;4.16&#8243; text_text_color=&#8221;#ffffff&#8221; text_font_size=&#8221;18px&#8221; link_font=&#8221;|100|||on|||rgba(253,180,103,0.5)|&#8221; link_text_color=&#8221;rgba(255,255,255,0.7)&#8221; text_orientation=&#8221;center&#8221; max_width=&#8221;450px&#8221; module_alignment=&#8221;center&#8221; custom_margin=&#8221;25px||35px|||&#8221; custom_padding=&#8221;|||&#8221; animation_style=&#8221;fade&#8221; global_colors_info=&#8221;{}&#8221;]<\/p>\n<p>Le minist\u00e8re interculturel en Afrique peut \u00eatre une entreprise complexe et nuanc\u00e9e. Mais nous y travaillons depuis plus d\u2019un si\u00e8cle et nous avons appris plusieurs choses en cours de route. D\u00e8s le premier &#8220;Et si?&#8221; jusqu\u2019aux sp\u00e9cificit\u00e9s du parcours, <strong>nous avons des r\u00e9ponses \u00e0 vos questions.<\/strong><\/p>\n<p>[\/et_pb_text][et_pb_button button_url=&#8221;https:\/\/aimint.org\/ca-fr\/connect\/serving-questions\/&#8221; button_text=&#8221;Renseignez-vous sur le service&#8221; button_alignment=&#8221;center&#8221; _builder_version=&#8221;4.16&#8243; custom_button=&#8221;on&#8221; button_text_size=&#8221;17px&#8221; button_text_color=&#8221;#ffffff&#8221; button_border_width=&#8221;2px&#8221; button_border_color=&#8221;#ffffff&#8221; button_border_radius=&#8221;25px&#8221; button_font=&#8221;|700|||||||&#8221; background_layout=&#8221;dark&#8221; box_shadow_style=&#8221;preset3&#8243; box_shadow_color=&#8221;rgba(0,0,0,0.2)&#8221; button_letter_spacing_hover=&#8221;0&#8243; saved_tabs=&#8221;all&#8221; global_colors_info=&#8221;{}&#8221; button_text_size__hover_enabled=&#8221;off&#8221; button_text_size__hover=&#8221;null&#8221; button_one_text_size__hover_enabled=&#8221;off&#8221; button_one_text_size__hover=&#8221;null&#8221; button_two_text_size__hover_enabled=&#8221;off&#8221; button_two_text_size__hover=&#8221;null&#8221; button_text_color__hover_enabled=&#8221;off&#8221; button_text_color__hover=&#8221;null&#8221; button_one_text_color__hover_enabled=&#8221;off&#8221; button_one_text_color__hover=&#8221;null&#8221; button_two_text_color__hover_enabled=&#8221;off&#8221; button_two_text_color__hover=&#8221;null&#8221; button_border_width__hover_enabled=&#8221;off&#8221; button_border_width__hover=&#8221;null&#8221; button_one_border_width__hover_enabled=&#8221;off&#8221; button_one_border_width__hover=&#8221;null&#8221; button_two_border_width__hover_enabled=&#8221;off&#8221; button_two_border_width__hover=&#8221;null&#8221; button_border_color__hover_enabled=&#8221;off&#8221; button_border_color__hover=&#8221;null&#8221; button_one_border_color__hover_enabled=&#8221;off&#8221; button_one_border_color__hover=&#8221;null&#8221; button_two_border_color__hover_enabled=&#8221;off&#8221; button_two_border_color__hover=&#8221;null&#8221; button_border_radius__hover_enabled=&#8221;off&#8221; button_border_radius__hover=&#8221;null&#8221; button_one_border_radius__hover_enabled=&#8221;off&#8221; button_one_border_radius__hover=&#8221;null&#8221; button_two_border_radius__hover_enabled=&#8221;off&#8221; button_two_border_radius__hover=&#8221;null&#8221; button_letter_spacing__hover_enabled=&#8221;on&#8221; button_letter_spacing__hover=&#8221;0&#8243; button_one_letter_spacing__hover_enabled=&#8221;off&#8221; button_one_letter_spacing__hover=&#8221;null&#8221; button_two_letter_spacing__hover_enabled=&#8221;off&#8221; button_two_letter_spacing__hover=&#8221;null&#8221; button_bg_color__hover_enabled=&#8221;off&#8221; button_bg_color__hover=&#8221;null&#8221; button_one_bg_color__hover_enabled=&#8221;off&#8221; button_one_bg_color__hover=&#8221;null&#8221; button_two_bg_color__hover_enabled=&#8221;off&#8221; button_two_bg_color__hover=&#8221;null&#8221;]<br \/>\n[\/et_pb_button][\/et_pb_column][et_pb_column type=&#8221;1_2&#8243; _builder_version=&#8221;4.16&#8243; background_color=&#8221;#919191&#8243; custom_padding=&#8221;7%|5%|7%|5%&#8221; global_colors_info=&#8221;{}&#8221; custom_padding__hover=&#8221;|||&#8221;][et_pb_text admin_label=&#8221;Title&#8221; _builder_version=&#8221;4.16&#8243; header_2_text_align=&#8221;center&#8221; header_2_font_size=&#8221;36px&#8221; header_2_line_height=&#8221;1.2em&#8221; text_orientation=&#8221;center&#8221; background_layout=&#8221;dark&#8221; max_width=&#8221;550px&#8221; module_alignment=&#8221;center&#8221; custom_margin=&#8221;||0px|&#8221; custom_padding=&#8221;|||&#8221; animation_style=&#8221;fade&#8221; animation_direction=&#8221;top&#8221; locked=&#8221;off&#8221; global_colors_info=&#8221;{}&#8221;]<\/p>\n<h2>Explorer plus<\/h2>\n<p>[\/et_pb_text][et_pb_divider divider_position=&#8221;center&#8221; divider_weight=&#8221;3px&#8221; _builder_version=&#8221;4.16&#8243; max_width=&#8221;50px&#8221; module_alignment=&#8221;center&#8221; animation_style=&#8221;slide&#8221; animation_direction=&#8221;top&#8221; animation_intensity_slide=&#8221;10%&#8221; animation_starting_opacity=&#8221;100%&#8221; locked=&#8221;off&#8221; global_colors_info=&#8221;{}&#8221;]<\/p>\n<p>\n&nbsp;<\/p>\n<p>[\/et_pb_divider][et_pb_text _builder_version=&#8221;4.16&#8243; text_text_color=&#8221;#ffffff&#8221; text_font_size=&#8221;18px&#8221; link_font=&#8221;|100|||on|||rgba(253,180,103,0.5)|&#8221; link_text_color=&#8221;rgba(255,255,255,0.7)&#8221; text_orientation=&#8221;center&#8221; max_width=&#8221;450px&#8221; module_alignment=&#8221;center&#8221; custom_margin=&#8221;25px||35px|||&#8221; custom_padding=&#8221;|||&#8221; animation_style=&#8221;fade&#8221; global_colors_info=&#8221;{}&#8221;]<\/p>\n<p>Prenez le temps dont vous avez besoin pour prier, rechercher la direction de Dieu ou simplement attendre que le moment soit venu. En attendant, nous vous invitons \u00e0 rester connect\u00e9 \u00e0 l\u2019AIM et \u00e0 explorer davantage ce que signifie servir dans les missions. Inscrivez-vous \u00e0 une s\u00e9rie sp\u00e9ciale de courriels con\u00e7ue pour les demandeurs comme vous.<\/p>\n<p>[\/et_pb_text][et_pb_button button_url=&#8221;https:\/\/aimint.org\/ca-fr\/explore-more\/&#8221; button_text=&#8221;Souscrire&#8221; button_alignment=&#8221;center&#8221; _builder_version=&#8221;4.16&#8243; custom_button=&#8221;on&#8221; button_text_size=&#8221;17px&#8221; button_text_color=&#8221;#ffffff&#8221; button_border_width=&#8221;2px&#8221; button_border_color=&#8221;#ffffff&#8221; button_border_radius=&#8221;25px&#8221; button_font=&#8221;|700|||||||&#8221; background_layout=&#8221;dark&#8221; box_shadow_style=&#8221;preset3&#8243; box_shadow_color=&#8221;rgba(0,0,0,0.2)&#8221; button_letter_spacing_hover=&#8221;0&#8243; saved_tabs=&#8221;all&#8221; global_colors_info=&#8221;{}&#8221; button_text_size__hover_enabled=&#8221;off&#8221; button_text_size__hover=&#8221;null&#8221; button_one_text_size__hover_enabled=&#8221;off&#8221; button_one_text_size__hover=&#8221;null&#8221; button_two_text_size__hover_enabled=&#8221;off&#8221; button_two_text_size__hover=&#8221;null&#8221; button_text_color__hover_enabled=&#8221;off&#8221; button_text_color__hover=&#8221;null&#8221; button_one_text_color__hover_enabled=&#8221;off&#8221; button_one_text_color__hover=&#8221;null&#8221; button_two_text_color__hover_enabled=&#8221;off&#8221; button_two_text_color__hover=&#8221;null&#8221; button_border_width__hover_enabled=&#8221;off&#8221; button_border_width__hover=&#8221;null&#8221; button_one_border_width__hover_enabled=&#8221;off&#8221; button_one_border_width__hover=&#8221;null&#8221; button_two_border_width__hover_enabled=&#8221;off&#8221; button_two_border_width__hover=&#8221;null&#8221; button_border_color__hover_enabled=&#8221;off&#8221; button_border_color__hover=&#8221;null&#8221; button_one_border_color__hover_enabled=&#8221;off&#8221; button_one_border_color__hover=&#8221;null&#8221; button_two_border_color__hover_enabled=&#8221;off&#8221; button_two_border_color__hover=&#8221;null&#8221; button_border_radius__hover_enabled=&#8221;off&#8221; button_border_radius__hover=&#8221;null&#8221; button_one_border_radius__hover_enabled=&#8221;off&#8221; button_one_border_radius__hover=&#8221;null&#8221; button_two_border_radius__hover_enabled=&#8221;off&#8221; button_two_border_radius__hover=&#8221;null&#8221; button_letter_spacing__hover_enabled=&#8221;on&#8221; button_letter_spacing__hover=&#8221;0&#8243; button_one_letter_spacing__hover_enabled=&#8221;off&#8221; button_one_letter_spacing__hover=&#8221;null&#8221; button_two_letter_spacing__hover_enabled=&#8221;off&#8221; button_two_letter_spacing__hover=&#8221;null&#8221; button_bg_color__hover_enabled=&#8221;off&#8221; button_bg_color__hover=&#8221;null&#8221; button_one_bg_color__hover_enabled=&#8221;off&#8221; button_one_bg_color__hover=&#8221;null&#8221; button_two_bg_color__hover_enabled=&#8221;off&#8221; button_two_bg_color__hover=&#8221;null&#8221;]<br \/>\n[\/et_pb_button][\/et_pb_column][\/et_pb_row][\/et_pb_section]<\/p>\n","protected":false},"excerpt":{"rendered":"<p>Servir avec l\u2019AIM &#8211; Prochaines \u00e9tapesBienvenue sur une route moins fr\u00e9quent\u00e9e, o\u00f9 beaucoup de Land Rovers et de voyageurs sont pass\u00e9s. L\u00e0 o\u00f9 des hommes et des femmes captiv\u00e9s par l\u2019amour de Christ abordent avec courage un voyage qui commence par un murmure: \u00abQui ira pour moi?\u00bb Il y a de fortes chances que vous [&hellip;]<\/p>\n","protected":false},"author":2,"featured_media":0,"parent":714,"menu_order":0,"comment_status":"closed","ping_status":"closed","template":"","meta":{"_acf_changed":false,"_et_pb_use_builder":"on","_et_pb_old_content":"","_et_gb_content_width":"","footnotes":"","_links_to":"","_links_to_target":""},"class_list":["post-1523","page","type-page","status-publish","hentry"],"acf":[],"yoast_head":"<!-- This site is optimized with the Yoast SEO plugin v27.4 - https:\/\/yoast.com\/product\/yoast-seo-wordpress\/ -->\n<title>Next Steps - AIM Canada Francais<\/title>\n<meta name=\"robots\" content=\"noindex, nofollow\" \/>\n<meta property=\"og:locale\" content=\"en_US\" \/>\n<meta property=\"og:type\" content=\"article\" \/>\n<meta property=\"og:title\" content=\"Next Steps - AIM Canada Francais\" \/>\n<meta property=\"og:description\" content=\"Servir avec l\u2019AIM - Prochaines \u00e9tapesBienvenue sur une route moins fr\u00e9quent\u00e9e, o\u00f9 beaucoup de Land Rovers et de voyageurs sont pass\u00e9s. L\u00e0 o\u00f9 des hommes et des femmes captiv\u00e9s par l\u2019amour de Christ abordent avec courage un voyage qui commence par un murmure: \u00abQui ira pour moi?\u00bb Il y a de fortes chances que vous [&hellip;]\" \/>\n<meta property=\"og:url\" content=\"https:\/\/aimint.org\/ca-fr\/connect\/next-steps\/\" \/>\n<meta property=\"og:site_name\" content=\"AIM Canada Francais\" \/>\n<meta property=\"article:modified_time\" content=\"2024-04-02T22:13:38+00:00\" \/>\n<meta name=\"twitter:card\" content=\"summary_large_image\" \/>\n<meta name=\"twitter:label1\" content=\"Est. reading time\" \/>\n\t<meta name=\"twitter:data1\" content=\"3 minutes\" \/>\n<script type=\"application\/ld+json\" class=\"yoast-schema-graph\">{\"@context\":\"https:\\\/\\\/schema.org\",\"@graph\":[{\"@type\":\"WebPage\",\"@id\":\"https:\\\/\\\/aimint.org\\\/ca-fr\\\/connect\\\/next-steps\\\/\",\"url\":\"https:\\\/\\\/aimint.org\\\/ca-fr\\\/connect\\\/next-steps\\\/\",\"name\":\"Next Steps - AIM Canada Francais\",\"isPartOf\":{\"@id\":\"https:\\\/\\\/aimint.org\\\/ca-fr\\\/#website\"},\"datePublished\":\"2020-03-30T15:21:36+00:00\",\"dateModified\":\"2024-04-02T22:13:38+00:00\",\"breadcrumb\":{\"@id\":\"https:\\\/\\\/aimint.org\\\/ca-fr\\\/connect\\\/next-steps\\\/#breadcrumb\"},\"inLanguage\":\"en-US\",\"potentialAction\":[{\"@type\":\"ReadAction\",\"target\":[\"https:\\\/\\\/aimint.org\\\/ca-fr\\\/connect\\\/next-steps\\\/\"]}]},{\"@type\":\"BreadcrumbList\",\"@id\":\"https:\\\/\\\/aimint.org\\\/ca-fr\\\/connect\\\/next-steps\\\/#breadcrumb\",\"itemListElement\":[{\"@type\":\"ListItem\",\"position\":1,\"name\":\"Home\",\"item\":\"https:\\\/\\\/aimint.org\\\/ca-fr\\\/\"},{\"@type\":\"ListItem\",\"position\":2,\"name\":\"Connect\",\"item\":\"https:\\\/\\\/aimint.org\\\/ca-fr\\\/connect\\\/\"},{\"@type\":\"ListItem\",\"position\":3,\"name\":\"Next Steps\"}]},{\"@type\":\"WebSite\",\"@id\":\"https:\\\/\\\/aimint.org\\\/ca-fr\\\/#website\",\"url\":\"https:\\\/\\\/aimint.org\\\/ca-fr\\\/\",\"name\":\"AIM Canada Francais\",\"description\":\"Africa Inland Mission\",\"potentialAction\":[{\"@type\":\"SearchAction\",\"target\":{\"@type\":\"EntryPoint\",\"urlTemplate\":\"https:\\\/\\\/aimint.org\\\/ca-fr\\\/?s={search_term_string}\"},\"query-input\":{\"@type\":\"PropertyValueSpecification\",\"valueRequired\":true,\"valueName\":\"search_term_string\"}}],\"inLanguage\":\"en-US\"}]}<\/script>\n<!-- \/ Yoast SEO plugin. -->","yoast_head_json":{"title":"Next Steps - AIM Canada Francais","robots":{"index":"noindex","follow":"nofollow"},"og_locale":"en_US","og_type":"article","og_title":"Next Steps - AIM Canada Francais","og_description":"Servir avec l\u2019AIM - Prochaines \u00e9tapesBienvenue sur une route moins fr\u00e9quent\u00e9e, o\u00f9 beaucoup de Land Rovers et de voyageurs sont pass\u00e9s. L\u00e0 o\u00f9 des hommes et des femmes captiv\u00e9s par l\u2019amour de Christ abordent avec courage un voyage qui commence par un murmure: \u00abQui ira pour moi?\u00bb Il y a de fortes chances que vous [&hellip;]","og_url":"https:\/\/aimint.org\/ca-fr\/connect\/next-steps\/","og_site_name":"AIM Canada Francais","article_modified_time":"2024-04-02T22:13:38+00:00","twitter_card":"summary_large_image","twitter_misc":{"Est. reading time":"3 minutes"},"schema":{"@context":"https:\/\/schema.org","@graph":[{"@type":"WebPage","@id":"https:\/\/aimint.org\/ca-fr\/connect\/next-steps\/","url":"https:\/\/aimint.org\/ca-fr\/connect\/next-steps\/","name":"Next Steps - AIM Canada Francais","isPartOf":{"@id":"https:\/\/aimint.org\/ca-fr\/#website"},"datePublished":"2020-03-30T15:21:36+00:00","dateModified":"2024-04-02T22:13:38+00:00","breadcrumb":{"@id":"https:\/\/aimint.org\/ca-fr\/connect\/next-steps\/#breadcrumb"},"inLanguage":"en-US","potentialAction":[{"@type":"ReadAction","target":["https:\/\/aimint.org\/ca-fr\/connect\/next-steps\/"]}]},{"@type":"BreadcrumbList","@id":"https:\/\/aimint.org\/ca-fr\/connect\/next-steps\/#breadcrumb","itemListElement":[{"@type":"ListItem","position":1,"name":"Home","item":"https:\/\/aimint.org\/ca-fr\/"},{"@type":"ListItem","position":2,"name":"Connect","item":"https:\/\/aimint.org\/ca-fr\/connect\/"},{"@type":"ListItem","position":3,"name":"Next Steps"}]},{"@type":"WebSite","@id":"https:\/\/aimint.org\/ca-fr\/#website","url":"https:\/\/aimint.org\/ca-fr\/","name":"AIM Canada Francais","description":"Africa Inland Mission","potentialAction":[{"@type":"SearchAction","target":{"@type":"EntryPoint","urlTemplate":"https:\/\/aimint.org\/ca-fr\/?s={search_term_string}"},"query-input":{"@type":"PropertyValueSpecification","valueRequired":true,"valueName":"search_term_string"}}],"inLanguage":"en-US"}]}},"_links":{"self":[{"href":"https:\/\/aimint.org\/ca-fr\/wp-json\/wp\/v2\/pages\/1523","targetHints":{"allow":["GET"]}}],"collection":[{"href":"https:\/\/aimint.org\/ca-fr\/wp-json\/wp\/v2\/pages"}],"about":[{"href":"https:\/\/aimint.org\/ca-fr\/wp-json\/wp\/v2\/types\/page"}],"author":[{"embeddable":true,"href":"https:\/\/aimint.org\/ca-fr\/wp-json\/wp\/v2\/users\/2"}],"replies":[{"embeddable":true,"href":"https:\/\/aimint.org\/ca-fr\/wp-json\/wp\/v2\/comments?post=1523"}],"version-history":[{"count":31,"href":"https:\/\/aimint.org\/ca-fr\/wp-json\/wp\/v2\/pages\/1523\/revisions"}],"predecessor-version":[{"id":6118,"href":"https:\/\/aimint.org\/ca-fr\/wp-json\/wp\/v2\/pages\/1523\/revisions\/6118"}],"up":[{"embeddable":true,"href":"https:\/\/aimint.org\/ca-fr\/wp-json\/wp\/v2\/pages\/714"}],"wp:attachment":[{"href":"https:\/\/aimint.org\/ca-fr\/wp-json\/wp\/v2\/media?parent=1523"}],"curies":[{"name":"wp","href":"https:\/\/api.w.org\/{rel}","templated":true}]}}