{"id":1554,"date":"2020-03-30T16:18:55","date_gmt":"2020-03-30T16:18:55","guid":{"rendered":"http:\/\/aimint.org\/ca-fr\/?page_id=1554"},"modified":"2021-11-04T08:51:30","modified_gmt":"2021-11-04T08:51:30","slug":"serving-questions","status":"publish","type":"page","link":"https:\/\/aimint.org\/ca-fr\/connect\/serving-questions\/","title":{"rendered":"Serving Questions"},"content":{"rendered":"<p>[et_pb_section fb_built=&#8221;1&#8243; fullwidth=&#8221;on&#8221; _builder_version=&#8221;4.4.1&#8243; bottom_divider_color=&#8221;rgba(0,0,0,0)&#8221; bottom_divider_height=&#8221;33px&#8221; bottom_divider_flip=&#8221;horizontal&#8221; global_colors_info=&#8221;{}&#8221;][et_pb_fullwidth_image src=&#8221;https:\/\/aimint.org\/ca-fr\/wp-content\/uploads\/sites\/47\/2020\/03\/banner-serve-1.jpg&#8221; _builder_version=&#8221;4.4.1&#8243; global_colors_info=&#8221;{}&#8221;][\/et_pb_fullwidth_image][\/et_pb_section][et_pb_section fb_built=&#8221;1&#8243; admin_label=&#8221;About Section&#8221; _builder_version=&#8221;3.22&#8243; custom_padding=&#8221;0px||0px|&#8221; global_colors_info=&#8221;{}&#8221;][et_pb_row column_structure=&#8221;1_2,1_2&#8243; use_custom_gutter=&#8221;on&#8221; gutter_width=&#8221;1&#8243; make_equal=&#8221;on&#8221; admin_label=&#8221;About Area&#8221; _builder_version=&#8221;4.4.2&#8243; width=&#8221;100%&#8221; max_width=&#8221;100%&#8221; custom_padding=&#8221;0px||0px|&#8221; use_custom_width=&#8221;on&#8221; width_unit=&#8221;off&#8221; custom_width_percent=&#8221;100%&#8221; global_colors_info=&#8221;{}&#8221;][et_pb_column type=&#8221;1_2&#8243; _builder_version=&#8221;4.4.1&#8243; background_color=&#8221;#222222&#8243; custom_padding=&#8221;5%|5%|5%|5%&#8221; global_colors_info=&#8221;{}&#8221; custom_padding__hover=&#8221;|||&#8221;][et_pb_text admin_label=&#8221;Serving FAQ&#8221; _builder_version=&#8221;3.27.4&#8243; header_2_text_align=&#8221;center&#8221; header_2_font_size=&#8221;35px&#8221; header_2_line_height=&#8221;1.2em&#8221; text_orientation=&#8221;center&#8221; background_layout=&#8221;dark&#8221; max_width=&#8221;550px&#8221; module_alignment=&#8221;center&#8221; custom_margin=&#8221;||0px|&#8221; custom_padding=&#8221;|||&#8221; animation_style=&#8221;fade&#8221; animation_direction=&#8221;top&#8221; global_colors_info=&#8221;{}&#8221;]<\/p>\n<h2>Questions Fr\u00e9quentes<\/h2>\n<p>[\/et_pb_text][et_pb_divider divider_position=&#8221;center&#8221; divider_weight=&#8221;3px&#8221; _builder_version=&#8221;4.4.1&#8243; max_width=&#8221;50px&#8221; module_alignment=&#8221;center&#8221; height=&#8221;30px&#8221; animation_style=&#8221;slide&#8221; animation_direction=&#8221;top&#8221; animation_intensity_slide=&#8221;10%&#8221; animation_starting_opacity=&#8221;100%&#8221; global_colors_info=&#8221;{}&#8221;]<\/p>\n<p>\n&nbsp;<\/p>\n<p>[\/et_pb_divider][et_pb_toggle title=&#8221;Quelle est la diff\u00e9rence entre l\u2019AIM et d\u2019autres organisations missionnaires?&#8221; open_toggle_text_color=&#8221;#ffffff&#8221; open_toggle_background_color=&#8221;rgba(255,255,255,0.05)&#8221; closed_toggle_text_color=&#8221;#ffffff&#8221; closed_toggle_background_color=&#8221;#222222&#8243; icon_color=&#8221;rgba(255,255,255,0.1)&#8221; admin_label=&#8221;How is AIM different from other organizations?&#8221; _builder_version=&#8221;4.12.1&#8243; title_text_color=&#8221;#ffffff&#8221; body_text_color=&#8221;#ffffff&#8221; background_size=&#8221;initial&#8221; background_position=&#8221;top_left&#8221; background_repeat=&#8221;repeat&#8221; text_orientation=&#8221;left&#8221; border_width_all=&#8221;0px&#8221; border_color_all=&#8221;#dedcda&#8221; border_width_bottom=&#8221;1px&#8221; border_color_bottom=&#8221;rgba(222,220,218,0.8)&#8221; global_colors_info=&#8221;{}&#8221;]<\/p>\n<p class=\"p1\">Chaque organisation missionnaire est diff\u00e9rente, et aucune organisation n&#8217;est n\u00e9cessairement meilleure qu&#8217;une autre. Il s\u2019agit de trouver celles qui vous convient. Nos missionnaires d\u00e9crivent l&#8217;AIM comme ayant une \u00abambiance familiale.\u00bb Ce qui distingue peut-\u00eatre l\u2019AIM le plus est l\u2019accent mis sur l\u2019\u00e9vang\u00e9lisation des peuples non-atteints. Notre vision est de voir des \u00e9glises centr\u00e9es sur Christ parmi tous les peuples de l\u2019Afrique.<\/p>\n<p>[\/et_pb_toggle][et_pb_toggle title=&#8221; Quelles sont les conditions requises pour postuler avec la Mission \u00e0 l\u2019int\u00e9rieur de l\u2019Afrique?&#8221; open_toggle_text_color=&#8221;#ffffff&#8221; open_toggle_background_color=&#8221;rgba(255,255,255,0.05)&#8221; closed_toggle_text_color=&#8221;#ffffff&#8221; closed_toggle_background_color=&#8221;#222222&#8243; icon_color=&#8221;rgba(255,255,255,0.1)&#8221; admin_label=&#8221;What are the requirements to apply with Africa Inland Mission?&#8221; _builder_version=&#8221;4.12.1&#8243; title_text_color=&#8221;#ffffff&#8221; body_text_color=&#8221;#ffffff&#8221; background_size=&#8221;initial&#8221; background_position=&#8221;top_left&#8221; background_repeat=&#8221;repeat&#8221; text_orientation=&#8221;left&#8221; z_index_tablet=&#8221;500&#8243; border_width_all=&#8221;0px&#8221; border_color_all=&#8221;#dedcda&#8221; border_width_bottom=&#8221;1px&#8221; border_color_bottom=&#8221;rgba(222,220,218,0.8)&#8221; global_colors_info=&#8221;{}&#8221;]<\/p>\n<p class=\"p1\">Vous devez \u00eatre un chr\u00e9tien n\u00e9 de nouveau avec une relation active et croissante avec J\u00e9sus-Christ. Vous devez avoir au moins 19 ans et \u00eatre en mesure de travailler l\u00e9galement au Canada. Vous ne pouvez pas avoir \u00e9t\u00e9 divorc\u00e9 plusieurs fois ou dans les 5 ans avant de partir en mission.<\/p>\n<p>[\/et_pb_toggle][et_pb_toggle title=&#8221;Et si je suis int\u00e9ress\u00e9 par un pays ou un minist\u00e8re particulier?&#8221; open_toggle_text_color=&#8221;#ffffff&#8221; open_toggle_background_color=&#8221;rgba(255,255,255,0.05)&#8221; closed_toggle_text_color=&#8221;#ffffff&#8221; closed_toggle_background_color=&#8221;#222222&#8243; icon_color=&#8221;rgba(255,255,255,0.1)&#8221; admin_label=&#8221;What is Connect Week?&#8221; _builder_version=&#8221;4.12.1&#8243; title_text_color=&#8221;#ffffff&#8221; body_text_color=&#8221;#ffffff&#8221; background_size=&#8221;initial&#8221; background_position=&#8221;top_left&#8221; background_repeat=&#8221;repeat&#8221; text_orientation=&#8221;left&#8221; border_width_all=&#8221;0px&#8221; border_color_all=&#8221;#dedcda&#8221; border_width_bottom=&#8221;1px&#8221; border_color_bottom=&#8221;rgba(222,220,218,0.8)&#8221; global_colors_info=&#8221;{}&#8221;]<\/p>\n<p class=\"p1\">C&#8217;est g\u00e9nial! Nous ferons de notre mieux pour vous proposer des missions qui correspondent \u00e0 votre vision.<\/p>\n<p>[\/et_pb_toggle][et_pb_toggle title=&#8221; Je ne sais pas exactement o\u00f9 ni vers quoi le Seigneur m&#8217;appelle. Est-ce que \u00e7a va?&#8221; open_toggle_text_color=&#8221;#ffffff&#8221; open_toggle_background_color=&#8221;rgba(255,255,255,0.05)&#8221; closed_toggle_text_color=&#8221;#ffffff&#8221; closed_toggle_background_color=&#8221;#222222&#8243; icon_color=&#8221;rgba(255,255,255,0.1)&#8221; admin_label=&#8221;What is Connect Week?&#8221; _builder_version=&#8221;4.12.1&#8243; title_text_color=&#8221;#ffffff&#8221; body_text_color=&#8221;#ffffff&#8221; background_size=&#8221;initial&#8221; background_position=&#8221;top_left&#8221; background_repeat=&#8221;repeat&#8221; text_orientation=&#8221;left&#8221; border_width_all=&#8221;0px&#8221; border_color_all=&#8221;#dedcda&#8221; border_width_bottom=&#8221;1px&#8221; border_color_bottom=&#8221;rgba(222,220,218,0.8)&#8221; global_colors_info=&#8221;{}&#8221;]<\/p>\n<p class=\"p1\">Absolument! Nous prierons et travaillerons avec vous afin de lier vos comp\u00e9tences et int\u00e9r\u00eats aux besoins sur le terrain<span class=\"s1\"><b>.<\/b><\/span><\/p>\n<p>[\/et_pb_toggle][et_pb_toggle title=&#8221;Comment commencer le processus de candidature?&#8221; open_toggle_text_color=&#8221;#ffffff&#8221; open_toggle_background_color=&#8221;rgba(255,255,255,0.05)&#8221; closed_toggle_text_color=&#8221;#ffffff&#8221; closed_toggle_background_color=&#8221;#222222&#8243; icon_color=&#8221;rgba(255,255,255,0.1)&#8221; admin_label=&#8221;What is Connect Week?&#8221; _builder_version=&#8221;4.12.1&#8243; title_text_color=&#8221;#ffffff&#8221; body_text_color=&#8221;#ffffff&#8221; background_size=&#8221;initial&#8221; background_position=&#8221;top_left&#8221; background_repeat=&#8221;repeat&#8221; text_orientation=&#8221;left&#8221; border_width_all=&#8221;0px&#8221; border_color_all=&#8221;#dedcda&#8221; border_width_bottom=&#8221;1px&#8221; border_color_bottom=&#8221;rgba(222,220,218,0.8)&#8221; global_colors_info=&#8221;{}&#8221;]<\/p>\n<p class=\"p1\">La premi\u00e8re \u00e9tape consiste \u00e0 remplir le formulaire \u00ab\u00a0Pour faire votre connaissance\u00a0\u00bb sur notre site Web. Une fois que nous aurons re\u00e7u le formulaire, nous vous contacterons, r\u00e9pondrons \u00e0 vos questions et vous donnerons des instructions concernant le processus de candidature.<\/p>\n<p>[\/et_pb_toggle][et_pb_toggle title=&#8221;Combien de temps dure la candidature? Combien de temps faudrait-il pour que je me rende sur le terrain?&#8221; open_toggle_text_color=&#8221;#ffffff&#8221; open_toggle_background_color=&#8221;rgba(255,255,255,0.05)&#8221; closed_toggle_text_color=&#8221;#ffffff&#8221; closed_toggle_background_color=&#8221;#222222&#8243; icon_color=&#8221;rgba(255,255,255,0.1)&#8221; admin_label=&#8221;How long does the application take\/how soon can I be on the field?&#8221; _builder_version=&#8221;4.12.1&#8243; title_text_color=&#8221;#ffffff&#8221; body_text_color=&#8221;#ffffff&#8221; background_size=&#8221;initial&#8221; background_position=&#8221;top_left&#8221; background_repeat=&#8221;repeat&#8221; text_orientation=&#8221;left&#8221; border_width_all=&#8221;0px&#8221; border_color_all=&#8221;#dedcda&#8221; border_width_bottom=&#8221;1px&#8221; border_color_bottom=&#8221;rgba(222,220,218,0.8)&#8221; global_colors_info=&#8221;{}&#8221;]<\/p>\n<p class=\"p1\">Le processus de demande \u00e0 court terme prend normalement de 3 \u00e0 6 mois, et le processus de candidature \u00e0 long terme entre 4 et 12 mois, avec au moins 6 mois suppl\u00e9mentaires pour obtenir un soutien avant de se rendre sur le terrain.<\/p>\n<p>[\/et_pb_toggle][et_pb_toggle title=&#8221;Combien \u00e7a co\u00fbte pour aller en Afrique?&#8221; open_toggle_text_color=&#8221;#ffffff&#8221; open_toggle_background_color=&#8221;rgba(255,255,255,0.05)&#8221; closed_toggle_text_color=&#8221;#ffffff&#8221; closed_toggle_background_color=&#8221;#222222&#8243; icon_color=&#8221;rgba(255,255,255,0.1)&#8221; admin_label=&#8221;How much does it cost to go to Africa?&#8221; _builder_version=&#8221;4.12.1&#8243; title_text_color=&#8221;#ffffff&#8221; body_text_color=&#8221;#ffffff&#8221; background_size=&#8221;initial&#8221; background_position=&#8221;top_left&#8221; background_repeat=&#8221;repeat&#8221; text_orientation=&#8221;left&#8221; border_width_all=&#8221;0px&#8221; border_color_all=&#8221;#dedcda&#8221; border_width_bottom=&#8221;1px&#8221; border_color_bottom=&#8221;rgba(222,220,218,0.8)&#8221; global_colors_info=&#8221;{}&#8221;]<\/p>\n<p class=\"p1\">Les frais pour ouvrir les dossiers pour servir \u00e0 court et \u00e0 long terme sont de 40$. La Mission \u00e0 l\u2019int\u00e9rieur (l\u2019AIM) est une organisation missionnaire qui fonctionne par la foi. Ainsi, les missionnaires \u00e0 court et \u00e0 long terme comptent sur Dieu pour l\u2019appui dans la pri\u00e8re et la provision financi\u00e8re pour les soutenir sur le terrain.<\/p>\n<p class=\"p1\">Les estimations grossi\u00e8res seraient de 6 000$ pour faire partie d\u2019une \u00e9quipe estivale \u00e0 court terme, et 18 000$ pour une mission individuelle d\u2019un an. Le soutien \u00e0 long terme cibl\u00e9 varie consid\u00e9rablement en fonction de la mission particuli\u00e8re, de l&#8217;endroit, de la taille de la famille et de la dur\u00e9e du mandat; et le montant requis n\u2019est g\u00e9n\u00e9ralement pas disponible tant que votre assignation sp\u00e9cifique n&#8217;est pas finalis\u00e9e. Il est naturel d\u2019\u00eatre soucieux concernant la lev\u00e9e de fonds, mais nous vous accompagnons tout au long du processus de la lev\u00e9e de fonds, et nous servons un Dieu puissant.<\/p>\n<p>[\/et_pb_toggle][et_pb_toggle title=&#8221;Aurai-je besoin d&#8217;apprendre une autre langue pour aller en Afrique?&#8221; open_toggle_text_color=&#8221;#ffffff&#8221; open_toggle_background_color=&#8221;rgba(255,255,255,0.05)&#8221; closed_toggle_text_color=&#8221;#ffffff&#8221; closed_toggle_background_color=&#8221;#222222&#8243; icon_color=&#8221;rgba(255,255,255,0.1)&#8221; admin_label=&#8221;Will I need to learn another language to go to Africa?&#8221; _builder_version=&#8221;4.12.1&#8243; title_text_color=&#8221;#ffffff&#8221; body_text_color=&#8221;#ffffff&#8221; background_size=&#8221;initial&#8221; background_position=&#8221;top_left&#8221; background_repeat=&#8221;repeat&#8221; text_orientation=&#8221;left&#8221; border_width_all=&#8221;0px&#8221; border_color_all=&#8221;#dedcda&#8221; border_width_bottom=&#8221;1px&#8221; border_color_bottom=&#8221;rgba(222,220,218,0.8)&#8221; global_colors_info=&#8221;{}&#8221;]<\/p>\n<p class=\"p1\">La plupart des missions offrent l&#8217;opportunit\u00e9 passionnante d&#8217;apprendre une autre langue. L&#8217;AIM reconna\u00eet la valeur de communiquer avec les gens dans leur propre langue pour \u00e9tablir des relations sociales et former des disciples. Cela est particuli\u00e8rement vrai pour ceux qui postulent \u00e0 long terme. L&#8217;apprentissage des langues fait partie du programme TIMO; et, si n\u00e9cessaire, une \u00e9cole de langues (au Canada, en Afrique ou ailleurs) est une option. Il existe \u00e9galement des postes et des domaines qui ne n\u00e9cessitent pas la connaissance d&#8217;une langue autre que l&#8217;anglais, mais l&#8217;apprentissage de langues est toujours encourag\u00e9.<\/p>\n<p>[\/et_pb_toggle][et_pb_toggle title=&#8221;Puis-je aller en Afrique pendant que mon mari \/ ma femme reste au Canada?&#8221; open_toggle_text_color=&#8221;#ffffff&#8221; open_toggle_background_color=&#8221;rgba(255,255,255,0.05)&#8221; closed_toggle_text_color=&#8221;#ffffff&#8221; closed_toggle_background_color=&#8221;#222222&#8243; icon_color=&#8221;rgba(255,255,255,0.1)&#8221; admin_label=&#8221;Can I go to Africa while my husband\/wife remains in the U.S.?&#8221; _builder_version=&#8221;4.12.1&#8243; title_text_color=&#8221;#ffffff&#8221; body_text_color=&#8221;#ffffff&#8221; background_size=&#8221;initial&#8221; background_position=&#8221;top_left&#8221; background_repeat=&#8221;repeat&#8221; text_orientation=&#8221;left&#8221; border_width_all=&#8221;0px&#8221; border_color_all=&#8221;#dedcda&#8221; border_width_bottom=&#8221;1px&#8221; border_color_bottom=&#8221;rgba(222,220,218,0.8)&#8221; global_colors_info=&#8221;{}&#8221;]<\/p>\n<p class=\"p1\">Nous appr\u00e9cions le mariage et la famille. Ainsi, la pratique de l\u2019AIM est d\u2019envoyer les deux conjoints en tant que couple, m\u00eame en affectation \u00e0 court terme. Le mari et sa femme devraient se consid\u00e9rer comme engag\u00e9s dans le minist\u00e8re en Afrique m\u00eame si l\u2019un d\u2019entre eux peut \u00eatre engag\u00e9 \u00e0 \u00e9lever la famille. Dans ces cas, il y a toujours un minist\u00e8re informel \u00e0 travers la cr\u00e9ation de liens avec la communaut\u00e9 locale.<\/p>\n<p>[\/et_pb_toggle][et_pb_toggle title=&#8221;Les familles peuvent-elles faire partie d\u2019une \u00e9quipe TIMO?&#8221; open_toggle_text_color=&#8221;#ffffff&#8221; open_toggle_background_color=&#8221;rgba(255,255,255,0.05)&#8221; closed_toggle_text_color=&#8221;#ffffff&#8221; closed_toggle_background_color=&#8221;#222222&#8243; icon_color=&#8221;rgba(255,255,255,0.1)&#8221; admin_label=&#8221;Can I go to Africa while my husband\/wife remains in the U.S.?&#8221; _builder_version=&#8221;4.12.1&#8243; title_text_color=&#8221;#ffffff&#8221; body_text_color=&#8221;#ffffff&#8221; background_size=&#8221;initial&#8221; background_position=&#8221;top_left&#8221; background_repeat=&#8221;repeat&#8221; text_orientation=&#8221;left&#8221; border_width_all=&#8221;0px&#8221; border_color_all=&#8221;#dedcda&#8221; border_width_bottom=&#8221;1px&#8221; border_color_bottom=&#8221;rgba(222,220,218,0.8)&#8221; global_colors_info=&#8221;{}&#8221;]<\/p>\n<p class=\"p1\">En g\u00e9n\u00e9ral, TIMO est ouvert aux c\u00e9libataires, aux couples et aux familles. Certaines \u00e9quipes TIMO ne sont pas appropri\u00e9es aux familles en raison de l\u2019isolement et \/ou de l\u2019objectif du minist\u00e8re de l\u2019\u00e9quipe.<\/p>\n<p>[\/et_pb_toggle][et_pb_toggle title=&#8221;Quelles sont les options pour l\u2019\u00e9ducation de mes enfants?&#8221; open_toggle_text_color=&#8221;#ffffff&#8221; open_toggle_background_color=&#8221;rgba(255,255,255,0.05)&#8221; closed_toggle_text_color=&#8221;#ffffff&#8221; closed_toggle_background_color=&#8221;#222222&#8243; icon_color=&#8221;rgba(255,255,255,0.1)&#8221; admin_label=&#8221;What are the education options for my children?&#8221; _builder_version=&#8221;4.12.1&#8243; title_text_color=&#8221;#ffffff&#8221; body_text_color=&#8221;#ffffff&#8221; background_size=&#8221;initial&#8221; background_position=&#8221;top_left&#8221; background_repeat=&#8221;repeat&#8221; text_orientation=&#8221;left&#8221; border_width_all=&#8221;0px&#8221; border_color_all=&#8221;#dedcda&#8221; border_width_bottom=&#8221;1px&#8221; border_color_bottom=&#8221;rgba(222,220,218,0.8)&#8221; global_colors_info=&#8221;{}&#8221;]<\/p>\n<p class=\"p1\">Certaines familles scolarisent leurs enfants \u00e0 la maison, et certaines les inscrivent dans l\u2019une des \u00e9coles pour enfants de missionnaires (MK\/Missionary Kid) de l\u2019AIM (au Kenya, en Tanzanie et au Tchad). D\u2019autres inscrivent leurs enfants dans d\u2019autres \u00e9coles priv\u00e9es ou dans une \u00e9cole nationale.<\/p>\n<p>[\/et_pb_toggle][\/et_pb_column][et_pb_column type=&#8221;1_2&#8243; _builder_version=&#8221;3.25&#8243; custom_padding=&#8221;5%|5%|5%|5%&#8221; global_colors_info=&#8221;{}&#8221; custom_padding__hover=&#8221;|||&#8221;][et_pb_text _builder_version=&#8221;4.12.1&#8243; text_font_size=&#8221;18px&#8221; header_2_font_size=&#8221;35px&#8221; header_3_text_color=&#8221;#bb2633&#8243; global_colors_info=&#8221;{}&#8221;]<\/p>\n<h3>Servir avec l\u2019AIM &#8211; Se renseigner<\/h3>\n<h2>Des questions sur le service?<\/h2>\n<p>Remplissez simplement ce court formulaire de demande et nous le transmettrons \u00e0 nos experts r\u00e9sidents.<\/p>\n<p>[\/et_pb_text][et_pb_code admin_label=&#8221;Code &#8211; Embed Enquire form &#8221; _builder_version=&#8221;4.6.6&#8243; global_colors_info=&#8221;{}&#8221;]<iframe loading=\"lazy\" src=\"https:\/\/www.cognitoforms.com\/f\/o5LBsNZzsEqSHKmA7Ra1Ow?id=14\" style=\"position:relative;width:1px;min-width:100%;*width:100%;\" frameborder=\"0\" scrolling=\"yes\" seamless=\"seamless\" height=\"1142\" width=\"100%\"><\/iframe><!-- [et_pb_line_break_holder] --><script src=\"https:\/\/www.cognitoforms.com\/scripts\/embed.js\"><\/script>[\/et_pb_code][et_pb_divider show_divider=&#8221;off&#8221; _builder_version=&#8221;4.4.2&#8243; height=&#8221;15px&#8221; link_option_url=&#8221;https:\/\/www.cognitoforms.com\/AfricaInlandMission2\/GotAQuestion&#8221; global_colors_info=&#8221;{}&#8221;][\/et_pb_divider][\/et_pb_column][\/et_pb_row][\/et_pb_section]<\/p>\n","protected":false},"excerpt":{"rendered":"<p>Questions Fr\u00e9quentes &nbsp; Chaque organisation missionnaire est diff\u00e9rente, et aucune organisation n&#8217;est n\u00e9cessairement meilleure qu&#8217;une autre. Il s\u2019agit de trouver celles qui vous convient. Nos missionnaires d\u00e9crivent l&#8217;AIM comme ayant une \u00abambiance familiale.\u00bb Ce qui distingue peut-\u00eatre l\u2019AIM le plus est l\u2019accent mis sur l\u2019\u00e9vang\u00e9lisation des peuples non-atteints. Notre vision est de voir des \u00e9glises [&hellip;]<\/p>\n","protected":false},"author":2,"featured_media":0,"parent":714,"menu_order":0,"comment_status":"closed","ping_status":"closed","template":"","meta":{"_acf_changed":false,"_et_pb_use_builder":"on","_et_pb_old_content":"","_et_gb_content_width":"","footnotes":"","_links_to":"","_links_to_target":""},"class_list":["post-1554","page","type-page","status-publish","hentry"],"acf":[],"yoast_head":"<!-- This site is optimized with the Yoast SEO plugin v27.4 - https:\/\/yoast.com\/product\/yoast-seo-wordpress\/ -->\n<title>Serving Questions - AIM Canada Francais<\/title>\n<meta name=\"robots\" content=\"noindex, nofollow\" \/>\n<meta property=\"og:locale\" content=\"en_US\" \/>\n<meta property=\"og:type\" content=\"article\" \/>\n<meta property=\"og:title\" content=\"Serving Questions - AIM Canada Francais\" \/>\n<meta property=\"og:description\" content=\"Questions Fr\u00e9quentes &nbsp; Chaque organisation missionnaire est diff\u00e9rente, et aucune organisation n&#039;est n\u00e9cessairement meilleure qu&#039;une autre. Il s\u2019agit de trouver celles qui vous convient. Nos missionnaires d\u00e9crivent l&#039;AIM comme ayant une \u00abambiance familiale.\u00bb Ce qui distingue peut-\u00eatre l\u2019AIM le plus est l\u2019accent mis sur l\u2019\u00e9vang\u00e9lisation des peuples non-atteints. Notre vision est de voir des \u00e9glises [&hellip;]\" \/>\n<meta property=\"og:url\" content=\"https:\/\/aimint.org\/ca-fr\/connect\/serving-questions\/\" \/>\n<meta property=\"og:site_name\" content=\"AIM Canada Francais\" \/>\n<meta property=\"article:modified_time\" content=\"2021-11-04T08:51:30+00:00\" \/>\n<meta name=\"twitter:card\" content=\"summary_large_image\" \/>\n<meta name=\"twitter:label1\" content=\"Est. reading time\" \/>\n\t<meta name=\"twitter:data1\" content=\"10 minutes\" \/>\n<script type=\"application\/ld+json\" class=\"yoast-schema-graph\">{\"@context\":\"https:\\\/\\\/schema.org\",\"@graph\":[{\"@type\":\"WebPage\",\"@id\":\"https:\\\/\\\/aimint.org\\\/ca-fr\\\/connect\\\/serving-questions\\\/\",\"url\":\"https:\\\/\\\/aimint.org\\\/ca-fr\\\/connect\\\/serving-questions\\\/\",\"name\":\"Serving Questions - AIM Canada Francais\",\"isPartOf\":{\"@id\":\"https:\\\/\\\/aimint.org\\\/ca-fr\\\/#website\"},\"datePublished\":\"2020-03-30T16:18:55+00:00\",\"dateModified\":\"2021-11-04T08:51:30+00:00\",\"breadcrumb\":{\"@id\":\"https:\\\/\\\/aimint.org\\\/ca-fr\\\/connect\\\/serving-questions\\\/#breadcrumb\"},\"inLanguage\":\"en-US\",\"potentialAction\":[{\"@type\":\"ReadAction\",\"target\":[\"https:\\\/\\\/aimint.org\\\/ca-fr\\\/connect\\\/serving-questions\\\/\"]}]},{\"@type\":\"BreadcrumbList\",\"@id\":\"https:\\\/\\\/aimint.org\\\/ca-fr\\\/connect\\\/serving-questions\\\/#breadcrumb\",\"itemListElement\":[{\"@type\":\"ListItem\",\"position\":1,\"name\":\"Home\",\"item\":\"https:\\\/\\\/aimint.org\\\/ca-fr\\\/\"},{\"@type\":\"ListItem\",\"position\":2,\"name\":\"Connect\",\"item\":\"https:\\\/\\\/aimint.org\\\/ca-fr\\\/connect\\\/\"},{\"@type\":\"ListItem\",\"position\":3,\"name\":\"Serving Questions\"}]},{\"@type\":\"WebSite\",\"@id\":\"https:\\\/\\\/aimint.org\\\/ca-fr\\\/#website\",\"url\":\"https:\\\/\\\/aimint.org\\\/ca-fr\\\/\",\"name\":\"AIM Canada Francais\",\"description\":\"Africa Inland Mission\",\"potentialAction\":[{\"@type\":\"SearchAction\",\"target\":{\"@type\":\"EntryPoint\",\"urlTemplate\":\"https:\\\/\\\/aimint.org\\\/ca-fr\\\/?s={search_term_string}\"},\"query-input\":{\"@type\":\"PropertyValueSpecification\",\"valueRequired\":true,\"valueName\":\"search_term_string\"}}],\"inLanguage\":\"en-US\"}]}<\/script>\n<!-- \/ Yoast SEO plugin. -->","yoast_head_json":{"title":"Serving Questions - AIM Canada Francais","robots":{"index":"noindex","follow":"nofollow"},"og_locale":"en_US","og_type":"article","og_title":"Serving Questions - AIM Canada Francais","og_description":"Questions Fr\u00e9quentes &nbsp; Chaque organisation missionnaire est diff\u00e9rente, et aucune organisation n'est n\u00e9cessairement meilleure qu'une autre. Il s\u2019agit de trouver celles qui vous convient. Nos missionnaires d\u00e9crivent l'AIM comme ayant une \u00abambiance familiale.\u00bb Ce qui distingue peut-\u00eatre l\u2019AIM le plus est l\u2019accent mis sur l\u2019\u00e9vang\u00e9lisation des peuples non-atteints. Notre vision est de voir des \u00e9glises [&hellip;]","og_url":"https:\/\/aimint.org\/ca-fr\/connect\/serving-questions\/","og_site_name":"AIM Canada Francais","article_modified_time":"2021-11-04T08:51:30+00:00","twitter_card":"summary_large_image","twitter_misc":{"Est. reading time":"10 minutes"},"schema":{"@context":"https:\/\/schema.org","@graph":[{"@type":"WebPage","@id":"https:\/\/aimint.org\/ca-fr\/connect\/serving-questions\/","url":"https:\/\/aimint.org\/ca-fr\/connect\/serving-questions\/","name":"Serving Questions - AIM Canada Francais","isPartOf":{"@id":"https:\/\/aimint.org\/ca-fr\/#website"},"datePublished":"2020-03-30T16:18:55+00:00","dateModified":"2021-11-04T08:51:30+00:00","breadcrumb":{"@id":"https:\/\/aimint.org\/ca-fr\/connect\/serving-questions\/#breadcrumb"},"inLanguage":"en-US","potentialAction":[{"@type":"ReadAction","target":["https:\/\/aimint.org\/ca-fr\/connect\/serving-questions\/"]}]},{"@type":"BreadcrumbList","@id":"https:\/\/aimint.org\/ca-fr\/connect\/serving-questions\/#breadcrumb","itemListElement":[{"@type":"ListItem","position":1,"name":"Home","item":"https:\/\/aimint.org\/ca-fr\/"},{"@type":"ListItem","position":2,"name":"Connect","item":"https:\/\/aimint.org\/ca-fr\/connect\/"},{"@type":"ListItem","position":3,"name":"Serving Questions"}]},{"@type":"WebSite","@id":"https:\/\/aimint.org\/ca-fr\/#website","url":"https:\/\/aimint.org\/ca-fr\/","name":"AIM Canada Francais","description":"Africa Inland Mission","potentialAction":[{"@type":"SearchAction","target":{"@type":"EntryPoint","urlTemplate":"https:\/\/aimint.org\/ca-fr\/?s={search_term_string}"},"query-input":{"@type":"PropertyValueSpecification","valueRequired":true,"valueName":"search_term_string"}}],"inLanguage":"en-US"}]}},"_links":{"self":[{"href":"https:\/\/aimint.org\/ca-fr\/wp-json\/wp\/v2\/pages\/1554","targetHints":{"allow":["GET"]}}],"collection":[{"href":"https:\/\/aimint.org\/ca-fr\/wp-json\/wp\/v2\/pages"}],"about":[{"href":"https:\/\/aimint.org\/ca-fr\/wp-json\/wp\/v2\/types\/page"}],"author":[{"embeddable":true,"href":"https:\/\/aimint.org\/ca-fr\/wp-json\/wp\/v2\/users\/2"}],"replies":[{"embeddable":true,"href":"https:\/\/aimint.org\/ca-fr\/wp-json\/wp\/v2\/comments?post=1554"}],"version-history":[{"count":47,"href":"https:\/\/aimint.org\/ca-fr\/wp-json\/wp\/v2\/pages\/1554\/revisions"}],"predecessor-version":[{"id":5529,"href":"https:\/\/aimint.org\/ca-fr\/wp-json\/wp\/v2\/pages\/1554\/revisions\/5529"}],"up":[{"embeddable":true,"href":"https:\/\/aimint.org\/ca-fr\/wp-json\/wp\/v2\/pages\/714"}],"wp:attachment":[{"href":"https:\/\/aimint.org\/ca-fr\/wp-json\/wp\/v2\/media?parent=1554"}],"curies":[{"name":"wp","href":"https:\/\/api.w.org\/{rel}","templated":true}]}}