{"id":278,"date":"2020-01-29T15:33:59","date_gmt":"2020-01-29T15:33:59","guid":{"rendered":"http:\/\/aimint.org\/ca-fr\/?page_id=278"},"modified":"2020-10-12T19:43:30","modified_gmt":"2020-10-12T19:43:30","slug":"core-values","status":"publish","type":"page","link":"https:\/\/aimint.org\/ca-fr\/about\/core-values\/","title":{"rendered":"Core values"},"content":{"rendered":"<p>[et_pb_section fb_built=&#8221;1&#8243; fullwidth=&#8221;on&#8221; admin_label=&#8221;basic gradient header&#8221; _builder_version=&#8221;4.2.2&#8243; bottom_divider_style=&#8221;wave&#8221; bottom_divider_color=&#8221;#ffffff&#8221; bottom_divider_height=&#8221;33px&#8221; bottom_divider_flip=&#8221;horizontal&#8221; custom_css_main_element=&#8221;z-index: -1;&#8221;][et_pb_fullwidth_header title=&#8221;Nos Valeurs Fondamentales&#8221; text_orientation=&#8221;center&#8221; admin_label=&#8221;Basic Gradient Header&#8221; _builder_version=&#8221;4.6.5&#8243; background_color=&#8221;#222222&#8243; use_background_color_gradient=&#8221;on&#8221; background_color_gradient_start=&#8221;#222222&#8243; background_color_gradient_end=&#8221;#444444&#8243; background_color_gradient_start_position=&#8221;20%&#8221; background_color_gradient_overlays_image=&#8221;on&#8221; background_image=&#8221;https:\/\/aimint.org\/ca-fr\/wp-content\/uploads\/sites\/47\/2020\/01\/crosshatch-texture.jpg&#8221; background_blend=&#8221;multiply&#8221; hover_enabled=&#8221;0&#8243; button_one_text_size__hover_enabled=&#8221;off&#8221; button_one_text_size__hover=&#8221;null&#8221; button_two_text_size__hover_enabled=&#8221;off&#8221; button_two_text_size__hover=&#8221;null&#8221; button_one_text_color__hover_enabled=&#8221;off&#8221; button_one_text_color__hover=&#8221;null&#8221; button_two_text_color__hover_enabled=&#8221;off&#8221; button_two_text_color__hover=&#8221;null&#8221; button_one_border_width__hover_enabled=&#8221;off&#8221; button_one_border_width__hover=&#8221;null&#8221; button_two_border_width__hover_enabled=&#8221;off&#8221; button_two_border_width__hover=&#8221;null&#8221; button_one_border_color__hover_enabled=&#8221;off&#8221; button_one_border_color__hover=&#8221;null&#8221; button_two_border_color__hover_enabled=&#8221;off&#8221; button_two_border_color__hover=&#8221;null&#8221; button_one_border_radius__hover_enabled=&#8221;off&#8221; button_one_border_radius__hover=&#8221;null&#8221; button_two_border_radius__hover_enabled=&#8221;off&#8221; button_two_border_radius__hover=&#8221;null&#8221; button_one_letter_spacing__hover_enabled=&#8221;off&#8221; button_one_letter_spacing__hover=&#8221;null&#8221; button_two_letter_spacing__hover_enabled=&#8221;off&#8221; button_two_letter_spacing__hover=&#8221;null&#8221; button_one_bg_color__hover_enabled=&#8221;off&#8221; button_one_bg_color__hover=&#8221;null&#8221; button_two_bg_color__hover_enabled=&#8221;off&#8221; button_two_bg_color__hover=&#8221;null&#8221; sticky_enabled=&#8221;0&#8243;][\/et_pb_fullwidth_header][\/et_pb_section][et_pb_section fb_built=&#8221;1&#8243; _builder_version=&#8221;3.22&#8243; custom_margin=&#8221;||50px|||&#8221; custom_padding=&#8221;||0px|||&#8221;][et_pb_row column_structure=&#8221;1_3,2_3&#8243; _builder_version=&#8221;4.2.2&#8243; custom_margin=&#8221;|auto|17px|auto||&#8221; custom_padding=&#8221;||50px|||&#8221;][et_pb_column type=&#8221;1_3&#8243; _builder_version=&#8221;3.25&#8243; custom_padding=&#8221;|5%||&#8221; custom_padding__hover=&#8221;|||&#8221;][et_pb_image src=&#8221;https:\/\/aimint.org\/ca-fr\/wp-content\/uploads\/sites\/47\/2020\/01\/sunsett.jpg&#8221; align_tablet=&#8221;center&#8221; align_phone=&#8221;&#8221; align_last_edited=&#8221;on|desktop&#8221; disabled_on=&#8221;on|on|&#8221; _builder_version=&#8221;4.2.2&#8243; z_index=&#8221;0&#8243; width=&#8221;100%&#8221; custom_margin=&#8221;-120px||||false|false&#8221; animation_style=&#8221;slide&#8221; animation_direction=&#8221;top&#8221; animation_duration=&#8221;900ms&#8221; animation_intensity_slide=&#8221;7%&#8221; custom_css_main_element=&#8221;z-index: +1;&#8221; box_shadow_style=&#8221;preset1&#8243; animation=&#8221;off&#8221;][\/et_pb_image][et_pb_text admin_label=&#8221;large text&#8221; _builder_version=&#8221;4.2.2&#8243; text_font=&#8221;|300|||||||&#8221; text_text_color=&#8221;#444444&#8243; text_font_size=&#8221;30px&#8221; text_line_height=&#8221;1.2em&#8221; background_size=&#8221;initial&#8221; background_position=&#8221;top_left&#8221; background_repeat=&#8221;repeat&#8221; module_alignment=&#8221;left&#8221; custom_margin=&#8221;||15px|||&#8221; use_border_color=&#8221;off&#8221;]<\/p>\n<p>Les valeurs fondamentales sont les \u00e9l\u00e9ments qui d\u00e9finissent un organisme et d\u00e9terminent ses priorit\u00e9s. Pour la AIM, ces valeurs d\u00e9crivent qui nous sommes sachant que nous cherchons toujours \u00e0 grandir. Ceux qui d\u00e9cident de se joindre \u00e0 nous devront aussI embrasser ces valeurs et les adopter comme les leurs.<\/p>\n<p>[\/et_pb_text][\/et_pb_column][et_pb_column type=&#8221;2_3&#8243; _builder_version=&#8221;3.25&#8243; custom_padding=&#8221;|||&#8221; custom_padding__hover=&#8221;|||&#8221;][et_pb_text _builder_version=&#8221;4.2.2&#8243; background_size=&#8221;initial&#8221; background_position=&#8221;top_left&#8221; background_repeat=&#8221;repeat&#8221; use_border_color=&#8221;off&#8221; border_color=&#8221;#ffffff&#8221; border_style=&#8221;solid&#8221;]<\/p>\n<h2>Nous sommes centr\u00e9s sur Dieu<\/h2>\n<p>Nous reconnaissons l\u2019autorit\u00e9 absolue et finale de Dieu et de Sa Parole en toutes choses.<br \/>Nous reconnaissons l\u2019autorit\u00e9 absolue et finale de Dieu et de Sa Parole en toutes choses. <br \/>Nous croyons que notre vocation la plus \u00e9lev\u00e9e est d\u2019apporter \u00e0 Dieu la gloire et la louange dont il est tellement digne. <br \/>Nous nous engageons \u00e0 \u00eatre des disciples de notre Seigneur J\u00e9sus-Christ. <br \/>Nous ch\u00e9rissons le r\u00f4le essentiel de la pri\u00e8re, \u00e0 la fois individuelle et collective. <br \/>Nous d\u00e9pendons de Dieu comme celui qui, ultimement, pourvoit pour nos besoins spirituels et mat\u00e9riels. <br \/>Nous reconnaissons la centralit\u00e9 de l\u2019\u00e9glise locale dans le plan de Dieu.<\/p>\n<h2>Notre focus est sur le minist\u00e8re<\/h2>\n<p>Nous nous engageons \u00e0 faire des disciples de notre Seigneur J\u00e9sus-Christ.<br \/>Nous nous engageons \u00e0 \u00e9tablir, parmi les peuples non-atteints, des \u00e9glises qui tendent vers la maturit\u00e9.<br \/> Nous nous consacrons au d\u00e9veloppement de dirigeants qui cherchent \u00e0 ressembler \u00e0 Christ.<br \/>Nous croyons que les minist\u00e8res sont compliment\u00e9s rehauss\u00e9s par un style de vie adapt\u00e9 au contexte des minist\u00e8res.<br \/>Nous nous consacrons \u00e0 apprendre des langues locales comme un outil essentiel pour un minist\u00e8re efficace.<br \/>Nous exprimons la vie de Christ \u00e0 travers l\u2019enseignement et des d\u00e9monstrations pratiques de Sa compassion.<br \/>Nous \u00e9tablissons des partenariats avec des \u00e9glises comme un organisme en tant qu\u2019organisme missionnaire autonome et non-confessionnel.<br \/>Nous soutenons que l\u2019int\u00e9grit\u00e9 est essentielle dans tout ce que faisons, \u00e0 la fois en tant que mission et en tant qu\u2019individus.<br \/>Nous regardons au Seigneur par la foi pour qu\u2019il pourvoit \u00e0 tous nos besoins tout en partageant l\u2019information d\u2019une mani\u00e8re appropri\u00e9e.<br \/>Nous coop\u00e9rons avec des organismes ayant la m\u00eame mentalit\u00e9 pour contribuer \u00e0 l\u2019accomplissement de nos buts.<\/p>\n<h2>Nous reconnaissons l\u2019importance de nos membres<\/h2>\n<p>Nous sommes un organisme r\u00e9gi par nos membres et redevable \u00e0 eux. Leurs avis en ce qui concerne la direction du minist\u00e8re ont de la valeur pour les dirigeants.<br \/>Nous reconnaissons que ceux qui sont le plus pr\u00e8s du minist\u00e8re sont, en g\u00e9n\u00e9ral, les mieux plac\u00e9s pour prendre des d\u00e9cisions appropri\u00e9es.<br \/>Nous respectons la direction personnelle de Dieu dans la vie des individus.<br \/>Nous respectons le r\u00f4le de la direction de la mission; et nous cherchons \u00e0 identifier, \u00e9quiper et responsabiliser les dirigeants-serviteurs.<br \/>Nos familles sont importantes et nous nous engageons \u00e0 maintenir et \u00e0 am\u00e9liorer le bien-\u00eatre de nos mariages et celui de nos enfants.<br \/>Nous nous engageons \u00e0 aider chaque membre \u00e0 cro\u00eetre alors qu\u2019il est transform\u00e9 \u00e0 l\u2019image de Christ.<\/p>\n<p>[\/et_pb_text][\/et_pb_column][\/et_pb_row][\/et_pb_section][et_pb_section fb_built=&#8221;1&#8243; custom_padding_last_edited=&#8221;on|desktop&#8221; admin_label=&#8221;about extras&#8221; _builder_version=&#8221;3.22&#8243; background_color=&#8221;#ffffff&#8221; custom_margin=&#8221;26px|||||&#8221; custom_padding=&#8221;0px||0px|||&#8221; custom_padding_tablet=&#8221;50px|0|50px|0&#8243; custom_padding_phone=&#8221;&#8221;][et_pb_row column_structure=&#8221;1_3,1_3,1_3&#8243; use_custom_gutter=&#8221;on&#8221; gutter_width=&#8221;1&#8243; make_equal=&#8221;on&#8221; custom_padding_last_edited=&#8221;on|desktop&#8221; module_class=&#8221; et_pb_row_fullwidth et_pb_row_fullwidth et_pb_row_fullwidth et_pb_row_fullwidth et_pb_row_fullwidth et_pb_row_fullwidth et_pb_row_fullwidth et_pb_row_fullwidth et_pb_row_fullwidth&#8221; _builder_version=&#8221;3.25&#8243; background_size=&#8221;initial&#8221; background_position=&#8221;top_left&#8221; background_repeat=&#8221;repeat&#8221; width=&#8221;100%&#8221; width_tablet=&#8221;100%&#8221; width_phone=&#8221;&#8221; width_last_edited=&#8221;on|desktop&#8221; max_width=&#8221;100%&#8221; max_width_tablet=&#8221;100%&#8221; max_width_phone=&#8221;&#8221; max_width_last_edited=&#8221;on|desktop&#8221; custom_padding=&#8221;0px|0px|0px|0px||&#8221; custom_padding_tablet=&#8221;&#8221; custom_padding_phone=&#8221;|0px||0px&#8221; make_fullwidth=&#8221;on&#8221;][et_pb_column type=&#8221;1_3&#8243; _builder_version=&#8221;3.25&#8243; background_image=&#8221;https:\/\/aimint.org\/ca-fr\/wp-content\/uploads\/sites\/47\/2020\/01\/pcs-snapshot-1.jpg&#8221; custom_padding=&#8221;90px||90px|&#8221; custom_padding__hover=&#8221;|||&#8221;][et_pb_button button_url=&#8221;https:\/\/aimint.org\/ca-fr\/about\/heritage\/&#8221; button_text=&#8221;Notre H\u00e9ritage&#8221; button_alignment=&#8221;center&#8221; _builder_version=&#8221;4.6.5&#8243; custom_button=&#8221;on&#8221; button_text_size=&#8221;17px&#8221; button_text_color=&#8221;#ffffff&#8221; button_bg_color=&#8221;rgba(0,0,0,0.15)&#8221; button_border_width=&#8221;2px&#8221; button_border_color=&#8221;#ffffff&#8221; button_border_radius=&#8221;25px&#8221; button_font=&#8221;|700|||||||&#8221; background_layout=&#8221;dark&#8221; custom_margin=&#8221;40px||40px||false|false&#8221; hover_enabled=&#8221;0&#8243; box_shadow_style=&#8221;preset3&#8243; box_shadow_color=&#8221;rgba(0,0,0,0.2)&#8221; button_letter_spacing_hover=&#8221;0&#8243; saved_tabs=&#8221;all&#8221; button_text_size__hover_enabled=&#8221;off&#8221; button_text_size__hover=&#8221;null&#8221; button_one_text_size__hover_enabled=&#8221;off&#8221; button_one_text_size__hover=&#8221;null&#8221; button_two_text_size__hover_enabled=&#8221;off&#8221; button_two_text_size__hover=&#8221;null&#8221; button_text_color__hover_enabled=&#8221;off&#8221; button_text_color__hover=&#8221;null&#8221; button_one_text_color__hover_enabled=&#8221;off&#8221; button_one_text_color__hover=&#8221;null&#8221; button_two_text_color__hover_enabled=&#8221;off&#8221; button_two_text_color__hover=&#8221;null&#8221; button_border_width__hover_enabled=&#8221;off&#8221; button_border_width__hover=&#8221;null&#8221; button_one_border_width__hover_enabled=&#8221;off&#8221; button_one_border_width__hover=&#8221;null&#8221; button_two_border_width__hover_enabled=&#8221;off&#8221; button_two_border_width__hover=&#8221;null&#8221; button_border_color__hover_enabled=&#8221;off&#8221; button_border_color__hover=&#8221;null&#8221; button_one_border_color__hover_enabled=&#8221;off&#8221; button_one_border_color__hover=&#8221;null&#8221; button_two_border_color__hover_enabled=&#8221;off&#8221; button_two_border_color__hover=&#8221;null&#8221; button_border_radius__hover_enabled=&#8221;off&#8221; button_border_radius__hover=&#8221;null&#8221; button_one_border_radius__hover_enabled=&#8221;off&#8221; button_one_border_radius__hover=&#8221;null&#8221; button_two_border_radius__hover_enabled=&#8221;off&#8221; button_two_border_radius__hover=&#8221;null&#8221; button_letter_spacing__hover_enabled=&#8221;on&#8221; button_letter_spacing__hover=&#8221;0&#8243; button_one_letter_spacing__hover_enabled=&#8221;off&#8221; button_one_letter_spacing__hover=&#8221;null&#8221; button_two_letter_spacing__hover_enabled=&#8221;off&#8221; button_two_letter_spacing__hover=&#8221;null&#8221; button_bg_color__hover_enabled=&#8221;off&#8221; button_bg_color__hover=&#8221;null&#8221; button_one_bg_color__hover_enabled=&#8221;off&#8221; button_one_bg_color__hover=&#8221;null&#8221; button_two_bg_color__hover_enabled=&#8221;off&#8221; button_two_bg_color__hover=&#8221;null&#8221; sticky_enabled=&#8221;0&#8243;]<br \/>\n[\/et_pb_button][\/et_pb_column][et_pb_column type=&#8221;1_3&#8243; _builder_version=&#8221;3.25&#8243; background_image=&#8221;https:\/\/aimint.org\/ca-fr\/wp-content\/uploads\/sites\/47\/2020\/01\/p1781741_284096211_4-3.jpg&#8221; custom_padding=&#8221;90px||90px|&#8221; custom_padding__hover=&#8221;|||&#8221;][et_pb_button button_url=&#8221;https:\/\/aimint.org\/ca-fr\/about\/core-values\/&#8221; button_text=&#8221;Nos Valeurs Fondamentales&#8221; button_alignment=&#8221;center&#8221; _builder_version=&#8221;4.6.5&#8243; custom_button=&#8221;on&#8221; button_text_size=&#8221;17px&#8221; button_text_color=&#8221;#ffffff&#8221; button_bg_color=&#8221;rgba(0,0,0,0.15)&#8221; button_border_width=&#8221;2px&#8221; button_border_color=&#8221;#ffffff&#8221; button_border_radius=&#8221;25px&#8221; button_font=&#8221;|700|||||||&#8221; background_layout=&#8221;dark&#8221; custom_margin=&#8221;40px||40px||false|false&#8221; hover_enabled=&#8221;0&#8243; box_shadow_style=&#8221;preset3&#8243; box_shadow_color=&#8221;rgba(0,0,0,0.2)&#8221; button_letter_spacing_hover=&#8221;0&#8243; saved_tabs=&#8221;all&#8221; button_text_size__hover_enabled=&#8221;off&#8221; button_text_size__hover=&#8221;null&#8221; button_one_text_size__hover_enabled=&#8221;off&#8221; button_one_text_size__hover=&#8221;null&#8221; button_two_text_size__hover_enabled=&#8221;off&#8221; button_two_text_size__hover=&#8221;null&#8221; button_text_color__hover_enabled=&#8221;off&#8221; button_text_color__hover=&#8221;null&#8221; button_one_text_color__hover_enabled=&#8221;off&#8221; button_one_text_color__hover=&#8221;null&#8221; button_two_text_color__hover_enabled=&#8221;off&#8221; button_two_text_color__hover=&#8221;null&#8221; button_border_width__hover_enabled=&#8221;off&#8221; button_border_width__hover=&#8221;null&#8221; button_one_border_width__hover_enabled=&#8221;off&#8221; button_one_border_width__hover=&#8221;null&#8221; button_two_border_width__hover_enabled=&#8221;off&#8221; button_two_border_width__hover=&#8221;null&#8221; button_border_color__hover_enabled=&#8221;off&#8221; button_border_color__hover=&#8221;null&#8221; button_one_border_color__hover_enabled=&#8221;off&#8221; button_one_border_color__hover=&#8221;null&#8221; button_two_border_color__hover_enabled=&#8221;off&#8221; button_two_border_color__hover=&#8221;null&#8221; button_border_radius__hover_enabled=&#8221;off&#8221; button_border_radius__hover=&#8221;null&#8221; button_one_border_radius__hover_enabled=&#8221;off&#8221; button_one_border_radius__hover=&#8221;null&#8221; button_two_border_radius__hover_enabled=&#8221;off&#8221; button_two_border_radius__hover=&#8221;null&#8221; button_letter_spacing__hover_enabled=&#8221;on&#8221; button_letter_spacing__hover=&#8221;0&#8243; button_one_letter_spacing__hover_enabled=&#8221;off&#8221; button_one_letter_spacing__hover=&#8221;null&#8221; button_two_letter_spacing__hover_enabled=&#8221;off&#8221; button_two_letter_spacing__hover=&#8221;null&#8221; button_bg_color__hover_enabled=&#8221;off&#8221; button_bg_color__hover=&#8221;null&#8221; button_one_bg_color__hover_enabled=&#8221;off&#8221; button_one_bg_color__hover=&#8221;null&#8221; button_two_bg_color__hover_enabled=&#8221;off&#8221; button_two_bg_color__hover=&#8221;null&#8221; sticky_enabled=&#8221;0&#8243;]<br \/>\n[\/et_pb_button][\/et_pb_column][et_pb_column type=&#8221;1_3&#8243; _builder_version=&#8221;3.25&#8243; background_image=&#8221;https:\/\/aimint.org\/ca-fr\/wp-content\/uploads\/sites\/47\/2020\/01\/We-Believe-1.jpg&#8221; custom_padding=&#8221;90px||90px|&#8221; custom_padding__hover=&#8221;|||&#8221;][et_pb_button button_url=&#8221;https:\/\/aimint.org\/ca-fr\/about\/beleive\/&#8221; button_text=&#8221;D\u00e9claration de Foi&#8221; button_alignment=&#8221;center&#8221; _builder_version=&#8221;4.6.5&#8243; custom_button=&#8221;on&#8221; button_text_size=&#8221;17px&#8221; button_text_color=&#8221;#ffffff&#8221; button_bg_color=&#8221;rgba(0,0,0,0.15)&#8221; button_border_width=&#8221;2px&#8221; button_border_color=&#8221;#ffffff&#8221; button_border_radius=&#8221;25px&#8221; button_font=&#8221;|700|||||||&#8221; background_layout=&#8221;dark&#8221; custom_margin=&#8221;40px||40px||false|false&#8221; hover_enabled=&#8221;0&#8243; box_shadow_style=&#8221;preset3&#8243; box_shadow_color=&#8221;rgba(0,0,0,0.2)&#8221; button_letter_spacing_hover=&#8221;0&#8243; saved_tabs=&#8221;all&#8221; button_text_size__hover_enabled=&#8221;off&#8221; button_text_size__hover=&#8221;null&#8221; button_one_text_size__hover_enabled=&#8221;off&#8221; button_one_text_size__hover=&#8221;null&#8221; button_two_text_size__hover_enabled=&#8221;off&#8221; button_two_text_size__hover=&#8221;null&#8221; button_text_color__hover_enabled=&#8221;off&#8221; button_text_color__hover=&#8221;null&#8221; button_one_text_color__hover_enabled=&#8221;off&#8221; button_one_text_color__hover=&#8221;null&#8221; button_two_text_color__hover_enabled=&#8221;off&#8221; button_two_text_color__hover=&#8221;null&#8221; button_border_width__hover_enabled=&#8221;off&#8221; button_border_width__hover=&#8221;null&#8221; button_one_border_width__hover_enabled=&#8221;off&#8221; button_one_border_width__hover=&#8221;null&#8221; button_two_border_width__hover_enabled=&#8221;off&#8221; button_two_border_width__hover=&#8221;null&#8221; button_border_color__hover_enabled=&#8221;off&#8221; button_border_color__hover=&#8221;null&#8221; button_one_border_color__hover_enabled=&#8221;off&#8221; button_one_border_color__hover=&#8221;null&#8221; button_two_border_color__hover_enabled=&#8221;off&#8221; button_two_border_color__hover=&#8221;null&#8221; button_border_radius__hover_enabled=&#8221;off&#8221; button_border_radius__hover=&#8221;null&#8221; button_one_border_radius__hover_enabled=&#8221;off&#8221; button_one_border_radius__hover=&#8221;null&#8221; button_two_border_radius__hover_enabled=&#8221;off&#8221; button_two_border_radius__hover=&#8221;null&#8221; button_letter_spacing__hover_enabled=&#8221;on&#8221; button_letter_spacing__hover=&#8221;0&#8243; button_one_letter_spacing__hover_enabled=&#8221;off&#8221; button_one_letter_spacing__hover=&#8221;null&#8221; button_two_letter_spacing__hover_enabled=&#8221;off&#8221; button_two_letter_spacing__hover=&#8221;null&#8221; button_bg_color__hover_enabled=&#8221;off&#8221; button_bg_color__hover=&#8221;null&#8221; button_one_bg_color__hover_enabled=&#8221;off&#8221; button_one_bg_color__hover=&#8221;null&#8221; button_two_bg_color__hover_enabled=&#8221;off&#8221; button_two_bg_color__hover=&#8221;null&#8221; sticky_enabled=&#8221;0&#8243;]<br \/>\n[\/et_pb_button][\/et_pb_column][\/et_pb_row][\/et_pb_section]<\/p>\n","protected":false},"excerpt":{"rendered":"<p>Les valeurs fondamentales sont les \u00e9l\u00e9ments qui d\u00e9finissent un organisme et d\u00e9terminent ses priorit\u00e9s. Pour la AIM, ces valeurs d\u00e9crivent qui nous sommes sachant que nous cherchons toujours \u00e0 grandir. Ceux qui d\u00e9cident de se joindre \u00e0 nous devront aussI embrasser ces valeurs et les adopter comme les leurs.Nous sommes centr\u00e9s sur Dieu Nous reconnaissons [&hellip;]<\/p>\n","protected":false},"author":2,"featured_media":0,"parent":90,"menu_order":0,"comment_status":"closed","ping_status":"closed","template":"","meta":{"_acf_changed":false,"_et_pb_use_builder":"on","_et_pb_old_content":"","_et_gb_content_width":"","footnotes":"","_links_to":"","_links_to_target":""},"class_list":["post-278","page","type-page","status-publish","hentry"],"acf":[],"yoast_head":"<!-- This site is optimized with the Yoast SEO plugin v27.4 - https:\/\/yoast.com\/product\/yoast-seo-wordpress\/ -->\n<title>Core values - AIM Canada Francais<\/title>\n<meta name=\"robots\" content=\"index, follow, max-snippet:-1, max-image-preview:large, max-video-preview:-1\" \/>\n<link rel=\"canonical\" href=\"https:\/\/aimint.org\/ca-fr\/about\/core-values\/\" \/>\n<meta property=\"og:locale\" content=\"en_US\" \/>\n<meta property=\"og:type\" content=\"article\" \/>\n<meta property=\"og:title\" content=\"Core values - AIM Canada Francais\" \/>\n<meta property=\"og:description\" content=\"Les valeurs fondamentales sont les \u00e9l\u00e9ments qui d\u00e9finissent un organisme et d\u00e9terminent ses priorit\u00e9s. Pour la AIM, ces valeurs d\u00e9crivent qui nous sommes sachant que nous cherchons toujours \u00e0 grandir. Ceux qui d\u00e9cident de se joindre \u00e0 nous devront aussI embrasser ces valeurs et les adopter comme les leurs.Nous sommes centr\u00e9s sur Dieu Nous reconnaissons [&hellip;]\" \/>\n<meta property=\"og:url\" content=\"https:\/\/aimint.org\/ca-fr\/about\/core-values\/\" \/>\n<meta property=\"og:site_name\" content=\"AIM Canada Francais\" \/>\n<meta property=\"article:modified_time\" content=\"2020-10-12T19:43:30+00:00\" \/>\n<meta name=\"twitter:card\" content=\"summary_large_image\" \/>\n<meta name=\"twitter:label1\" content=\"Est. reading time\" \/>\n\t<meta name=\"twitter:data1\" content=\"11 minutes\" \/>\n<script type=\"application\/ld+json\" class=\"yoast-schema-graph\">{\"@context\":\"https:\\\/\\\/schema.org\",\"@graph\":[{\"@type\":\"WebPage\",\"@id\":\"https:\\\/\\\/aimint.org\\\/ca-fr\\\/about\\\/core-values\\\/\",\"url\":\"https:\\\/\\\/aimint.org\\\/ca-fr\\\/about\\\/core-values\\\/\",\"name\":\"Core values - AIM Canada Francais\",\"isPartOf\":{\"@id\":\"https:\\\/\\\/aimint.org\\\/ca-fr\\\/#website\"},\"datePublished\":\"2020-01-29T15:33:59+00:00\",\"dateModified\":\"2020-10-12T19:43:30+00:00\",\"breadcrumb\":{\"@id\":\"https:\\\/\\\/aimint.org\\\/ca-fr\\\/about\\\/core-values\\\/#breadcrumb\"},\"inLanguage\":\"en-US\",\"potentialAction\":[{\"@type\":\"ReadAction\",\"target\":[\"https:\\\/\\\/aimint.org\\\/ca-fr\\\/about\\\/core-values\\\/\"]}]},{\"@type\":\"BreadcrumbList\",\"@id\":\"https:\\\/\\\/aimint.org\\\/ca-fr\\\/about\\\/core-values\\\/#breadcrumb\",\"itemListElement\":[{\"@type\":\"ListItem\",\"position\":1,\"name\":\"Home\",\"item\":\"https:\\\/\\\/aimint.org\\\/ca-fr\\\/\"},{\"@type\":\"ListItem\",\"position\":2,\"name\":\"About\",\"item\":\"https:\\\/\\\/aimint.org\\\/ca-fr\\\/about\\\/\"},{\"@type\":\"ListItem\",\"position\":3,\"name\":\"Core values\"}]},{\"@type\":\"WebSite\",\"@id\":\"https:\\\/\\\/aimint.org\\\/ca-fr\\\/#website\",\"url\":\"https:\\\/\\\/aimint.org\\\/ca-fr\\\/\",\"name\":\"AIM Canada Francais\",\"description\":\"Africa Inland Mission\",\"potentialAction\":[{\"@type\":\"SearchAction\",\"target\":{\"@type\":\"EntryPoint\",\"urlTemplate\":\"https:\\\/\\\/aimint.org\\\/ca-fr\\\/?s={search_term_string}\"},\"query-input\":{\"@type\":\"PropertyValueSpecification\",\"valueRequired\":true,\"valueName\":\"search_term_string\"}}],\"inLanguage\":\"en-US\"}]}<\/script>\n<!-- \/ Yoast SEO plugin. -->","yoast_head_json":{"title":"Core values - AIM Canada Francais","robots":{"index":"index","follow":"follow","max-snippet":"max-snippet:-1","max-image-preview":"max-image-preview:large","max-video-preview":"max-video-preview:-1"},"canonical":"https:\/\/aimint.org\/ca-fr\/about\/core-values\/","og_locale":"en_US","og_type":"article","og_title":"Core values - AIM Canada Francais","og_description":"Les valeurs fondamentales sont les \u00e9l\u00e9ments qui d\u00e9finissent un organisme et d\u00e9terminent ses priorit\u00e9s. Pour la AIM, ces valeurs d\u00e9crivent qui nous sommes sachant que nous cherchons toujours \u00e0 grandir. Ceux qui d\u00e9cident de se joindre \u00e0 nous devront aussI embrasser ces valeurs et les adopter comme les leurs.Nous sommes centr\u00e9s sur Dieu Nous reconnaissons [&hellip;]","og_url":"https:\/\/aimint.org\/ca-fr\/about\/core-values\/","og_site_name":"AIM Canada Francais","article_modified_time":"2020-10-12T19:43:30+00:00","twitter_card":"summary_large_image","twitter_misc":{"Est. reading time":"11 minutes"},"schema":{"@context":"https:\/\/schema.org","@graph":[{"@type":"WebPage","@id":"https:\/\/aimint.org\/ca-fr\/about\/core-values\/","url":"https:\/\/aimint.org\/ca-fr\/about\/core-values\/","name":"Core values - AIM Canada Francais","isPartOf":{"@id":"https:\/\/aimint.org\/ca-fr\/#website"},"datePublished":"2020-01-29T15:33:59+00:00","dateModified":"2020-10-12T19:43:30+00:00","breadcrumb":{"@id":"https:\/\/aimint.org\/ca-fr\/about\/core-values\/#breadcrumb"},"inLanguage":"en-US","potentialAction":[{"@type":"ReadAction","target":["https:\/\/aimint.org\/ca-fr\/about\/core-values\/"]}]},{"@type":"BreadcrumbList","@id":"https:\/\/aimint.org\/ca-fr\/about\/core-values\/#breadcrumb","itemListElement":[{"@type":"ListItem","position":1,"name":"Home","item":"https:\/\/aimint.org\/ca-fr\/"},{"@type":"ListItem","position":2,"name":"About","item":"https:\/\/aimint.org\/ca-fr\/about\/"},{"@type":"ListItem","position":3,"name":"Core values"}]},{"@type":"WebSite","@id":"https:\/\/aimint.org\/ca-fr\/#website","url":"https:\/\/aimint.org\/ca-fr\/","name":"AIM Canada Francais","description":"Africa Inland Mission","potentialAction":[{"@type":"SearchAction","target":{"@type":"EntryPoint","urlTemplate":"https:\/\/aimint.org\/ca-fr\/?s={search_term_string}"},"query-input":{"@type":"PropertyValueSpecification","valueRequired":true,"valueName":"search_term_string"}}],"inLanguage":"en-US"}]}},"_links":{"self":[{"href":"https:\/\/aimint.org\/ca-fr\/wp-json\/wp\/v2\/pages\/278","targetHints":{"allow":["GET"]}}],"collection":[{"href":"https:\/\/aimint.org\/ca-fr\/wp-json\/wp\/v2\/pages"}],"about":[{"href":"https:\/\/aimint.org\/ca-fr\/wp-json\/wp\/v2\/types\/page"}],"author":[{"embeddable":true,"href":"https:\/\/aimint.org\/ca-fr\/wp-json\/wp\/v2\/users\/2"}],"replies":[{"embeddable":true,"href":"https:\/\/aimint.org\/ca-fr\/wp-json\/wp\/v2\/comments?post=278"}],"version-history":[{"count":13,"href":"https:\/\/aimint.org\/ca-fr\/wp-json\/wp\/v2\/pages\/278\/revisions"}],"predecessor-version":[{"id":4141,"href":"https:\/\/aimint.org\/ca-fr\/wp-json\/wp\/v2\/pages\/278\/revisions\/4141"}],"up":[{"embeddable":true,"href":"https:\/\/aimint.org\/ca-fr\/wp-json\/wp\/v2\/pages\/90"}],"wp:attachment":[{"href":"https:\/\/aimint.org\/ca-fr\/wp-json\/wp\/v2\/media?parent=278"}],"curies":[{"name":"wp","href":"https:\/\/api.w.org\/{rel}","templated":true}]}}