{"id":3200,"date":"2020-04-30T17:51:35","date_gmt":"2020-04-30T17:51:35","guid":{"rendered":"http:\/\/aimint.org\/ca-fr\/?page_id=3200"},"modified":"2021-11-04T08:44:17","modified_gmt":"2021-11-04T08:44:17","slug":"explore-more","status":"publish","type":"page","link":"https:\/\/aimint.org\/ca-fr\/explore-more\/","title":{"rendered":"Explore more"},"content":{"rendered":"<p>[et_pb_section fb_built=&#8221;1&#8243; _builder_version=&#8221;4.4.3&#8243; background_image=&#8221;https:\/\/aimint.org\/ca-fr\/wp-content\/uploads\/sites\/47\/2020\/03\/Serve-Page-Montage-Dark-lines-1.jpg&#8221; min_height=&#8221;399px&#8221; min_height_tablet=&#8221;400px&#8221; min_height_phone=&#8221;300px&#8221; min_height_last_edited=&#8221;on|phone&#8221; custom_margin=&#8221;0px||||false|false&#8221; custom_padding=&#8221;215px||||false|false&#8221; collapsed=&#8221;on&#8221; global_colors_info=&#8221;{}&#8221;][\/et_pb_section][et_pb_section fb_built=&#8221;1&#8243; _builder_version=&#8221;4.4.3&#8243; min_height=&#8221;395px&#8221; custom_margin=&#8221;0px||-24px||false|false&#8221; custom_padding=&#8221;0px||0px||false|false&#8221; global_colors_info=&#8221;{}&#8221;][et_pb_row column_structure=&#8221;1_2,1_2&#8243; use_custom_gutter=&#8221;on&#8221; gutter_width=&#8221;1&#8243; make_equal=&#8221;on&#8221; admin_label=&#8221;2 choices&#8221; _builder_version=&#8221;4.4.4&#8243; width=&#8221;100%&#8221; max_width=&#8221;100%&#8221; module_alignment=&#8221;left&#8221; max_height_tablet=&#8221;&#8221; max_height_phone=&#8221;&#8221; max_height_last_edited=&#8221;on|desktop&#8221; custom_padding=&#8221;0px||23px||false|false&#8221; use_custom_width=&#8221;on&#8221; width_unit=&#8221;off&#8221; custom_width_percent=&#8221;100%&#8221; locked=&#8221;off&#8221; global_colors_info=&#8221;{}&#8221;][et_pb_column type=&#8221;1_2&#8243; _builder_version=&#8221;4.4.4&#8243; background_color=&#8221;#222222&#8243; custom_padding=&#8221;7%|5%|7%|5%|false|false&#8221; global_colors_info=&#8221;{}&#8221; custom_padding__hover=&#8221;|||&#8221;][et_pb_text _builder_version=&#8221;4.12.1&#8243; text_font_size=&#8221;23px&#8221; link_text_color=&#8221;#BB2633&#8243; background_layout=&#8221;dark&#8221; global_colors_info=&#8221;{}&#8221;]<\/p>\n<h3>Abonnez-vous pour en savoir plus sur ce que signifie servir dans les missions. Chaque courriel de la s\u00e9rie contient des articles pour vous informer, vous encourager et vous mettre au d\u00e9fi dans votre parcours.<br \/>Nous vous enverrons \u00e9galement une invitation \u00e0 notre \u00e9v\u00e9nement Zoom mensuel &#8220;Discover AIM&#8221;. Ici, le dernier mardi de chaque mois \u00e0 20h30, vous pouvez personnellement regarder et interagir avec (seulement si vous le voulez vraiment !) un couple de nos mobilisateurs et missionnaires alors qu&#8217;ils pr\u00e9sentent un des minist\u00e8res d&#8217;AIM.<br \/>Voir un exemple d&#8217;invitation pass\u00e9e <strong><a href=\"https:\/\/mailchi.mp\/06365aa83b1a\/2z81ym1h97-4467686?e=eb783ae348\" target=\"_blank\" rel=\"noopener\">ici<\/a><\/strong>.<\/h3>\n<p>[\/et_pb_text][\/et_pb_column][et_pb_column type=&#8221;1_2&#8243; _builder_version=&#8221;4.4.4&#8243; background_color=&#8221;rgba(0,0,0,0)&#8221; custom_padding=&#8221;7%|5%|7%|5%&#8221; global_colors_info=&#8221;{}&#8221; custom_padding__hover=&#8221;|||&#8221;][et_pb_text _builder_version=&#8221;4.4.4&#8243; global_colors_info=&#8221;{}&#8221;]<\/p>\n<h3>D\u00e9couvrir l&#8217;AIM &#8211; Explorer plus<\/h3>\n<h1>Notre s\u00e9rie d&#8217;e-mails <em>Inlander<\/em><\/h1>\n<p>[\/et_pb_text][et_pb_code _builder_version=&#8221;4.12.1&#8243; width=&#8221;91.9%&#8221; global_colors_info=&#8221;{}&#8221;]<iframe loading=\"lazy\" src=\"https:\/\/www.cognitoforms.com\/f\/o5LBsNZzsEqSHKmA7Ra1Ow?id=27\" style=\"position:relative;width:1px;min-width:100%;*width:100%;\" frameborder=\"0\" scrolling=\"yes\" seamless=\"seamless\" height=\"349\" width=\"100%\"><\/iframe><!-- [et_pb_line_break_holder] --><script src=\"https:\/\/www.cognitoforms.com\/scripts\/embed.js\"><\/script>[\/et_pb_code][\/et_pb_column][\/et_pb_row][\/et_pb_section][et_pb_section fb_built=&#8221;1&#8243; _builder_version=&#8221;4.4.3&#8243; background_color=&#8221;#bb2633&#8243; min_height=&#8221;100px&#8221; height=&#8221;100px&#8221; global_colors_info=&#8221;{}&#8221;][et_pb_row _builder_version=&#8221;4.4.3&#8243; global_colors_info=&#8221;{}&#8221;][et_pb_column type=&#8221;4_4&#8243; _builder_version=&#8221;4.4.3&#8243; global_colors_info=&#8221;{}&#8221;][et_pb_button button_url=&#8221;https:\/\/aimint.org\/ca-fr\/about\/&#8221; button_text=&#8221;D\u00e9couvrez l&#8217;AIM&#8221; button_alignment=&#8221;center&#8221; _builder_version=&#8221;4.12.1&#8243; custom_button=&#8221;on&#8221; button_text_size=&#8221;19px&#8221; button_text_color=&#8221;#ffffff&#8221; button_border_width=&#8221;2px&#8221; button_border_color=&#8221;#ffffff&#8221; button_border_radius=&#8221;25px&#8221; button_icon=&#8221;%%20%%&#8221; custom_margin=&#8221;-44px||0px||false|false&#8221; custom_padding=&#8221;0px||0px||false|false&#8221; box_shadow_style=&#8221;preset3&#8243; global_colors_info=&#8221;{}&#8221;][\/et_pb_button][\/et_pb_column][\/et_pb_row][\/et_pb_section]<\/p>\n","protected":false},"excerpt":{"rendered":"<p>Abonnez-vous pour en savoir plus sur ce que signifie servir dans les missions. Chaque courriel de la s\u00e9rie contient des articles pour vous informer, vous encourager et vous mettre au d\u00e9fi dans votre parcours.Nous vous enverrons \u00e9galement une invitation \u00e0 notre \u00e9v\u00e9nement Zoom mensuel &#8220;Discover AIM&#8221;. Ici, le dernier mardi de chaque mois \u00e0 20h30, [&hellip;]<\/p>\n","protected":false},"author":58,"featured_media":0,"parent":0,"menu_order":0,"comment_status":"closed","ping_status":"closed","template":"","meta":{"_acf_changed":false,"_et_pb_use_builder":"on","_et_pb_old_content":"","_et_gb_content_width":"","footnotes":"","_links_to":"","_links_to_target":""},"class_list":["post-3200","page","type-page","status-publish","hentry"],"acf":[],"yoast_head":"<!-- This site is optimized with the Yoast SEO plugin v27.4 - https:\/\/yoast.com\/product\/yoast-seo-wordpress\/ -->\n<title>Explore more - AIM Canada Francais<\/title>\n<meta name=\"robots\" content=\"index, follow, max-snippet:-1, max-image-preview:large, max-video-preview:-1\" \/>\n<link rel=\"canonical\" href=\"https:\/\/aimint.org\/ca-fr\/explore-more\/\" \/>\n<meta property=\"og:locale\" content=\"en_US\" \/>\n<meta property=\"og:type\" content=\"article\" \/>\n<meta property=\"og:title\" content=\"Explore more - AIM Canada Francais\" \/>\n<meta property=\"og:description\" content=\"Abonnez-vous pour en savoir plus sur ce que signifie servir dans les missions. Chaque courriel de la s\u00e9rie contient des articles pour vous informer, vous encourager et vous mettre au d\u00e9fi dans votre parcours.Nous vous enverrons \u00e9galement une invitation \u00e0 notre \u00e9v\u00e9nement Zoom mensuel &quot;Discover AIM&quot;. Ici, le dernier mardi de chaque mois \u00e0 20h30, [&hellip;]\" \/>\n<meta property=\"og:url\" content=\"https:\/\/aimint.org\/ca-fr\/explore-more\/\" \/>\n<meta property=\"og:site_name\" content=\"AIM Canada Francais\" \/>\n<meta property=\"article:modified_time\" content=\"2021-11-04T08:44:17+00:00\" \/>\n<meta name=\"twitter:card\" content=\"summary_large_image\" \/>\n<meta name=\"twitter:label1\" content=\"Est. reading time\" \/>\n\t<meta name=\"twitter:data1\" content=\"2 minutes\" \/>\n<script type=\"application\/ld+json\" class=\"yoast-schema-graph\">{\"@context\":\"https:\\\/\\\/schema.org\",\"@graph\":[{\"@type\":\"WebPage\",\"@id\":\"https:\\\/\\\/aimint.org\\\/ca-fr\\\/explore-more\\\/\",\"url\":\"https:\\\/\\\/aimint.org\\\/ca-fr\\\/explore-more\\\/\",\"name\":\"Explore more - AIM Canada Francais\",\"isPartOf\":{\"@id\":\"https:\\\/\\\/aimint.org\\\/ca-fr\\\/#website\"},\"datePublished\":\"2020-04-30T17:51:35+00:00\",\"dateModified\":\"2021-11-04T08:44:17+00:00\",\"breadcrumb\":{\"@id\":\"https:\\\/\\\/aimint.org\\\/ca-fr\\\/explore-more\\\/#breadcrumb\"},\"inLanguage\":\"en-US\",\"potentialAction\":[{\"@type\":\"ReadAction\",\"target\":[\"https:\\\/\\\/aimint.org\\\/ca-fr\\\/explore-more\\\/\"]}]},{\"@type\":\"BreadcrumbList\",\"@id\":\"https:\\\/\\\/aimint.org\\\/ca-fr\\\/explore-more\\\/#breadcrumb\",\"itemListElement\":[{\"@type\":\"ListItem\",\"position\":1,\"name\":\"Home\",\"item\":\"https:\\\/\\\/aimint.org\\\/ca-fr\\\/\"},{\"@type\":\"ListItem\",\"position\":2,\"name\":\"Explore more\"}]},{\"@type\":\"WebSite\",\"@id\":\"https:\\\/\\\/aimint.org\\\/ca-fr\\\/#website\",\"url\":\"https:\\\/\\\/aimint.org\\\/ca-fr\\\/\",\"name\":\"AIM Canada Francais\",\"description\":\"Africa Inland Mission\",\"potentialAction\":[{\"@type\":\"SearchAction\",\"target\":{\"@type\":\"EntryPoint\",\"urlTemplate\":\"https:\\\/\\\/aimint.org\\\/ca-fr\\\/?s={search_term_string}\"},\"query-input\":{\"@type\":\"PropertyValueSpecification\",\"valueRequired\":true,\"valueName\":\"search_term_string\"}}],\"inLanguage\":\"en-US\"}]}<\/script>\n<!-- \/ Yoast SEO plugin. -->","yoast_head_json":{"title":"Explore more - AIM Canada Francais","robots":{"index":"index","follow":"follow","max-snippet":"max-snippet:-1","max-image-preview":"max-image-preview:large","max-video-preview":"max-video-preview:-1"},"canonical":"https:\/\/aimint.org\/ca-fr\/explore-more\/","og_locale":"en_US","og_type":"article","og_title":"Explore more - AIM Canada Francais","og_description":"Abonnez-vous pour en savoir plus sur ce que signifie servir dans les missions. Chaque courriel de la s\u00e9rie contient des articles pour vous informer, vous encourager et vous mettre au d\u00e9fi dans votre parcours.Nous vous enverrons \u00e9galement une invitation \u00e0 notre \u00e9v\u00e9nement Zoom mensuel \"Discover AIM\". Ici, le dernier mardi de chaque mois \u00e0 20h30, [&hellip;]","og_url":"https:\/\/aimint.org\/ca-fr\/explore-more\/","og_site_name":"AIM Canada Francais","article_modified_time":"2021-11-04T08:44:17+00:00","twitter_card":"summary_large_image","twitter_misc":{"Est. reading time":"2 minutes"},"schema":{"@context":"https:\/\/schema.org","@graph":[{"@type":"WebPage","@id":"https:\/\/aimint.org\/ca-fr\/explore-more\/","url":"https:\/\/aimint.org\/ca-fr\/explore-more\/","name":"Explore more - AIM Canada Francais","isPartOf":{"@id":"https:\/\/aimint.org\/ca-fr\/#website"},"datePublished":"2020-04-30T17:51:35+00:00","dateModified":"2021-11-04T08:44:17+00:00","breadcrumb":{"@id":"https:\/\/aimint.org\/ca-fr\/explore-more\/#breadcrumb"},"inLanguage":"en-US","potentialAction":[{"@type":"ReadAction","target":["https:\/\/aimint.org\/ca-fr\/explore-more\/"]}]},{"@type":"BreadcrumbList","@id":"https:\/\/aimint.org\/ca-fr\/explore-more\/#breadcrumb","itemListElement":[{"@type":"ListItem","position":1,"name":"Home","item":"https:\/\/aimint.org\/ca-fr\/"},{"@type":"ListItem","position":2,"name":"Explore more"}]},{"@type":"WebSite","@id":"https:\/\/aimint.org\/ca-fr\/#website","url":"https:\/\/aimint.org\/ca-fr\/","name":"AIM Canada Francais","description":"Africa Inland Mission","potentialAction":[{"@type":"SearchAction","target":{"@type":"EntryPoint","urlTemplate":"https:\/\/aimint.org\/ca-fr\/?s={search_term_string}"},"query-input":{"@type":"PropertyValueSpecification","valueRequired":true,"valueName":"search_term_string"}}],"inLanguage":"en-US"}]}},"_links":{"self":[{"href":"https:\/\/aimint.org\/ca-fr\/wp-json\/wp\/v2\/pages\/3200","targetHints":{"allow":["GET"]}}],"collection":[{"href":"https:\/\/aimint.org\/ca-fr\/wp-json\/wp\/v2\/pages"}],"about":[{"href":"https:\/\/aimint.org\/ca-fr\/wp-json\/wp\/v2\/types\/page"}],"author":[{"embeddable":true,"href":"https:\/\/aimint.org\/ca-fr\/wp-json\/wp\/v2\/users\/58"}],"replies":[{"embeddable":true,"href":"https:\/\/aimint.org\/ca-fr\/wp-json\/wp\/v2\/comments?post=3200"}],"version-history":[{"count":12,"href":"https:\/\/aimint.org\/ca-fr\/wp-json\/wp\/v2\/pages\/3200\/revisions"}],"predecessor-version":[{"id":5526,"href":"https:\/\/aimint.org\/ca-fr\/wp-json\/wp\/v2\/pages\/3200\/revisions\/5526"}],"wp:attachment":[{"href":"https:\/\/aimint.org\/ca-fr\/wp-json\/wp\/v2\/media?parent=3200"}],"curies":[{"name":"wp","href":"https:\/\/api.w.org\/{rel}","templated":true}]}}