{"id":341,"date":"2020-01-29T16:37:06","date_gmt":"2020-01-29T16:37:06","guid":{"rendered":"http:\/\/aimint.org\/ca-fr\/?page_id=341"},"modified":"2021-11-08T14:48:18","modified_gmt":"2021-11-08T14:48:18","slug":"pray","status":"publish","type":"page","link":"https:\/\/aimint.org\/ca-fr\/pray\/","title":{"rendered":"Pray"},"content":{"rendered":"<p>[et_pb_section fb_built=&#8221;1&#8243; admin_label=&#8221;Header image (in background)&#8221; _builder_version=&#8221;4.2.2&#8243; background_image=&#8221;https:\/\/aimint.org\/ca-fr\/wp-content\/uploads\/sites\/47\/2020\/01\/banner-pray.jpg&#8221; background_position=&#8221;center_right&#8221; min_height=&#8221;500px&#8221; min_height_tablet=&#8221;400px&#8221; min_height_phone=&#8221;300px&#8221; min_height_last_edited=&#8221;on|phone&#8221; bottom_divider_style=&#8221;wave&#8221; bottom_divider_color=&#8221;#ffffff&#8221; bottom_divider_height=&#8221;33px&#8221; bottom_divider_flip=&#8221;horizontal&#8221; collapsed=&#8221;on&#8221; global_colors_info=&#8221;{}&#8221;][\/et_pb_section][et_pb_section fb_built=&#8221;1&#8243; custom_padding_last_edited=&#8221;off|desktop&#8221; disabled_on=&#8221;off|off|off&#8221; admin_label=&#8221;header blurb&#8221; _builder_version=&#8221;4.2.2&#8243; background_color=&#8221;rgba(255,255,255,0)&#8221; transparent_background=&#8221;on&#8221; global_colors_info=&#8221;{}&#8221;][et_pb_row column_padding_mobile=&#8221;on&#8221; custom_padding_last_edited=&#8221;off|desktop&#8221; _builder_version=&#8221;4.2.2&#8243; background_size=&#8221;initial&#8221; background_position=&#8221;top_left&#8221; background_repeat=&#8221;repeat&#8221; custom_padding_tablet=&#8221;0px||0px|&#8221; global_colors_info=&#8221;{}&#8221;][et_pb_column type=&#8221;4_4&#8243; _builder_version=&#8221;3.25&#8243; custom_padding=&#8221;|||&#8221; global_colors_info=&#8221;{}&#8221; custom_padding__hover=&#8221;|||&#8221;][et_pb_text admin_label=&#8221;prayer&#8221; _builder_version=&#8221;4.4.3&#8243; text_font=&#8221;|300|||||||&#8221; text_text_color=&#8221;#444444&#8243; text_font_size=&#8221;32px&#8221; text_line_height=&#8221;1.2em&#8221; background_size=&#8221;initial&#8221; background_position=&#8221;top_left&#8221; background_repeat=&#8221;repeat&#8221; module_alignment=&#8221;left&#8221; use_border_color=&#8221;off&#8221; global_colors_info=&#8221;{}&#8221;]<\/p>\n<p>Plus de 1000 peuples africains n\u2019ont pas encore entendu la Bonne Nouvelle de J\u00e9sus-Christ. Notre priorit\u00e9 en tant que mission est d\u2019atteindre les non-atteints de l\u2019Afrique et de voir un jour, \u00e0 travers le continent, s\u2019\u00e9tablir et s\u2019\u00e9panouir des \u00e9glises centr\u00e9es sur Christ. Ceci est une t\u00e2che \u00e9norme, et une t\u00e2che qui ne peut \u00eatre accomplie que par la pri\u00e8re. Priez avec nous que le royaume de Dieu vienne et que Sa volont\u00e9 soit faite en Afrique.<\/p>\n<p>[\/et_pb_text][\/et_pb_column][\/et_pb_row][et_pb_row column_structure=&#8221;1_2,1_2&#8243; _builder_version=&#8221;4.2.2&#8243; custom_margin=&#8221;30px|auto||auto||&#8221; global_colors_info=&#8221;{}&#8221;][et_pb_column type=&#8221;1_2&#8243; _builder_version=&#8221;4.2.2&#8243; global_colors_info=&#8221;{}&#8221;][et_pb_text _builder_version=&#8221;4.12.1&#8243; hover_enabled=&#8221;0&#8243; global_colors_info=&#8221;{}&#8221; sticky_enabled=&#8221;0&#8243;]<\/p>\n<h2>Le Guide pour les intercesseurs<\/h2>\n<p>Le guide pour les intercesseurs (Intercessor\u2019s Guide) de l\u2019AIM pourvoit des requ\u00eates de pri\u00e8re quotidiennes traitant des vies de notre personnel canadien et leurs minist\u00e8res. Un nouveau guide est produit chaque mois afin de pourvoir des mises-\u00e0-jour et des requ\u00eates.<\/p>\n<p>[\/et_pb_text][\/et_pb_column][et_pb_column type=&#8221;1_2&#8243; _builder_version=&#8221;4.2.2&#8243; global_colors_info=&#8221;{}&#8221;][et_pb_button button_url=&#8221;https:\/\/aimint.org\/ca-fr\/connect\/&#8221; url_new_window=&#8221;on&#8221; button_text=&#8221;S&#8217;abonner au Guide de l&#8217;intercesseur&#8221; button_alignment=&#8221;left&#8221; _builder_version=&#8221;4.12.1&#8243; custom_button=&#8221;on&#8221; button_text_size=&#8221;17px&#8221; button_text_color=&#8221;#ffffff&#8221; button_bg_color=&#8221;#bb2633&#8243; button_border_width=&#8221;2px&#8221; button_border_color=&#8221;#bb2633&#8243; button_border_radius=&#8221;25px&#8221; button_font=&#8221;|700|||||||&#8221; background_layout=&#8221;dark&#8221; custom_margin=&#8221;77px||||false|false&#8221; custom_padding=&#8221;2px||2px||false|false&#8221; hover_enabled=&#8221;0&#8243; box_shadow_style=&#8221;preset3&#8243; box_shadow_color=&#8221;rgba(0,0,0,0.2)&#8221; button_letter_spacing_hover=&#8221;0&#8243; saved_tabs=&#8221;all&#8221; global_colors_info=&#8221;{}&#8221; button_text_size__hover_enabled=&#8221;off&#8221; button_text_size__hover=&#8221;null&#8221; button_one_text_size__hover_enabled=&#8221;off&#8221; button_one_text_size__hover=&#8221;null&#8221; button_two_text_size__hover_enabled=&#8221;off&#8221; button_two_text_size__hover=&#8221;null&#8221; button_text_color__hover_enabled=&#8221;off&#8221; button_text_color__hover=&#8221;null&#8221; button_one_text_color__hover_enabled=&#8221;off&#8221; button_one_text_color__hover=&#8221;null&#8221; button_two_text_color__hover_enabled=&#8221;off&#8221; button_two_text_color__hover=&#8221;null&#8221; button_border_width__hover_enabled=&#8221;off&#8221; button_border_width__hover=&#8221;null&#8221; button_one_border_width__hover_enabled=&#8221;off&#8221; button_one_border_width__hover=&#8221;null&#8221; button_two_border_width__hover_enabled=&#8221;off&#8221; button_two_border_width__hover=&#8221;null&#8221; button_border_color__hover_enabled=&#8221;off&#8221; button_border_color__hover=&#8221;null&#8221; button_one_border_color__hover_enabled=&#8221;off&#8221; button_one_border_color__hover=&#8221;null&#8221; button_two_border_color__hover_enabled=&#8221;off&#8221; button_two_border_color__hover=&#8221;null&#8221; button_border_radius__hover_enabled=&#8221;off&#8221; button_border_radius__hover=&#8221;null&#8221; button_one_border_radius__hover_enabled=&#8221;off&#8221; button_one_border_radius__hover=&#8221;null&#8221; button_two_border_radius__hover_enabled=&#8221;off&#8221; button_two_border_radius__hover=&#8221;null&#8221; button_letter_spacing__hover_enabled=&#8221;on&#8221; button_letter_spacing__hover=&#8221;0&#8243; button_one_letter_spacing__hover_enabled=&#8221;off&#8221; button_one_letter_spacing__hover=&#8221;null&#8221; button_two_letter_spacing__hover_enabled=&#8221;off&#8221; button_two_letter_spacing__hover=&#8221;null&#8221; button_bg_color__hover_enabled=&#8221;off&#8221; button_bg_color__hover=&#8221;null&#8221; button_one_bg_color__hover_enabled=&#8221;off&#8221; button_one_bg_color__hover=&#8221;null&#8221; button_two_bg_color__hover_enabled=&#8221;off&#8221; button_two_bg_color__hover=&#8221;null&#8221; sticky_enabled=&#8221;0&#8243;]<br \/>\n[\/et_pb_button][\/et_pb_column][\/et_pb_row][\/et_pb_section][et_pb_section fb_built=&#8221;1&#8243; _builder_version=&#8221;3.22&#8243; background_image=&#8221;https:\/\/aimint.org\/ca-fr\/wp-content\/uploads\/sites\/47\/2020\/01\/Lead-banner-1.jpg&#8221; custom_padding_tablet=&#8221;0px|0px|0px|0px&#8221; global_colors_info=&#8221;{}&#8221;][et_pb_row column_structure=&#8221;1_2,1_2&#8243; _builder_version=&#8221;3.25&#8243; global_colors_info=&#8221;{}&#8221;][et_pb_column type=&#8221;1_2&#8243; _builder_version=&#8221;3.0.47&#8243; custom_padding=&#8221;|||&#8221; global_colors_info=&#8221;{}&#8221; custom_padding__hover=&#8221;|||&#8221;][\/et_pb_column][et_pb_column type=&#8221;1_2&#8243; _builder_version=&#8221;3.0.47&#8243; custom_padding=&#8221;|||&#8221; global_colors_info=&#8221;{}&#8221; custom_padding__hover=&#8221;|||&#8221;][et_pb_text admin_label=&#8221;pray africa callout&#8221; _builder_version=&#8221;4.12.1&#8243; header_2_font=&#8221;Patua One||||||||&#8221; header_2_text_color=&#8221;#ffffff&#8221; header_2_font_size=&#8221;35px&#8221; header_3_font=&#8221;Patua One||||||||&#8221; header_3_text_color=&#8221;#ffffff&#8221; header_3_font_size=&#8221;25px&#8221; background_size=&#8221;initial&#8221; background_position=&#8221;top_left&#8221; background_repeat=&#8221;repeat&#8221; background_layout=&#8221;dark&#8221; hover_enabled=&#8221;0&#8243; use_border_color=&#8221;off&#8221; global_colors_info=&#8221;{}&#8221; sticky_enabled=&#8221;0&#8243;]<\/p>\n<h2>Prie pour l\u2019Afrique<\/h2>\n<h3>Rejoignez un mouvement de pri\u00e8re<\/h3>\n<p>PrayAfrica.org est un site Web du minist\u00e8re de l&#8217;Africa Inland Mission qui a pour but d&#8217;aider les croyants du monde entier \u00e0 prier pour les peuples non atteints d&#8217;Afrique.\u00a0Il y a deux mille ans, J\u00e9sus a appel\u00e9 ses disciples \u00e0 &#8220;demander au ma\u00eetre de la moisson d&#8217;envoyer des ouvriers&#8230;&#8221;. En tant qu&#8217;agence missionnaire qui se consacre \u00e0 faire conna\u00eetre le Christ parmi les exclus d&#8217;Afrique, la pri\u00e8re est au c\u0153ur m\u00eame de notre action. <em><strong>Nous vous invitons<\/strong><\/em> \u00e0 vous joindre \u00e0 nous dans ce travail vital : \u00e0 vous joindre \u00e0 nous pour demander au Seigneur de la moisson.<\/p>\n<p>Nous avons fourni des profils d\u00e9taill\u00e9s sur les groupes de population prioritaires de la mission Africa Inland. Nous vous encourageons \u00e0 en apprendre davantage sur ces groupes et \u00e0 prier r\u00e9guli\u00e8rement pour un ou plusieurs d&#8217;entre eux. Vous pouvez vous inscrire pour recevoir des mises \u00e0 jour par e-mail pour n&#8217;importe quel groupe de personnes sur le site, et nous avons fourni un certain nombre de ressources t\u00e9l\u00e9chargeables pour vous aider \u00e0 prier.<\/p>\n<p>[\/et_pb_text][et_pb_button button_url=&#8221;http:\/\/prayafrica.org\/&#8221; url_new_window=&#8221;on&#8221; button_text=&#8221;Allez sur le site web de PrayAfrica&#8221; button_alignment=&#8221;center&#8221; _builder_version=&#8221;4.12.1&#8243; custom_button=&#8221;on&#8221; button_text_size=&#8221;17px&#8221; button_text_color=&#8221;#ffffff&#8221; button_border_width=&#8221;2px&#8221; button_border_color=&#8221;#ffffff&#8221; button_border_radius=&#8221;25px&#8221; button_font=&#8221;|700|||||||&#8221; background_layout=&#8221;dark&#8221; hover_enabled=&#8221;0&#8243; box_shadow_style=&#8221;preset3&#8243; box_shadow_color=&#8221;rgba(0,0,0,0.2)&#8221; button_letter_spacing_hover=&#8221;0&#8243; saved_tabs=&#8221;all&#8221; global_colors_info=&#8221;{}&#8221; button_text_size__hover_enabled=&#8221;off&#8221; button_text_size__hover=&#8221;null&#8221; button_one_text_size__hover_enabled=&#8221;off&#8221; button_one_text_size__hover=&#8221;null&#8221; button_two_text_size__hover_enabled=&#8221;off&#8221; button_two_text_size__hover=&#8221;null&#8221; button_text_color__hover_enabled=&#8221;off&#8221; button_text_color__hover=&#8221;null&#8221; button_one_text_color__hover_enabled=&#8221;off&#8221; button_one_text_color__hover=&#8221;null&#8221; button_two_text_color__hover_enabled=&#8221;off&#8221; button_two_text_color__hover=&#8221;null&#8221; button_border_width__hover_enabled=&#8221;off&#8221; button_border_width__hover=&#8221;null&#8221; button_one_border_width__hover_enabled=&#8221;off&#8221; button_one_border_width__hover=&#8221;null&#8221; button_two_border_width__hover_enabled=&#8221;off&#8221; button_two_border_width__hover=&#8221;null&#8221; button_border_color__hover_enabled=&#8221;off&#8221; button_border_color__hover=&#8221;null&#8221; button_one_border_color__hover_enabled=&#8221;off&#8221; button_one_border_color__hover=&#8221;null&#8221; button_two_border_color__hover_enabled=&#8221;off&#8221; button_two_border_color__hover=&#8221;null&#8221; button_border_radius__hover_enabled=&#8221;off&#8221; button_border_radius__hover=&#8221;null&#8221; button_one_border_radius__hover_enabled=&#8221;off&#8221; button_one_border_radius__hover=&#8221;null&#8221; button_two_border_radius__hover_enabled=&#8221;off&#8221; button_two_border_radius__hover=&#8221;null&#8221; button_letter_spacing__hover_enabled=&#8221;on&#8221; button_letter_spacing__hover=&#8221;0&#8243; button_one_letter_spacing__hover_enabled=&#8221;off&#8221; button_one_letter_spacing__hover=&#8221;null&#8221; button_two_letter_spacing__hover_enabled=&#8221;off&#8221; button_two_letter_spacing__hover=&#8221;null&#8221; button_bg_color__hover_enabled=&#8221;off&#8221; button_bg_color__hover=&#8221;null&#8221; button_one_bg_color__hover_enabled=&#8221;off&#8221; button_one_bg_color__hover=&#8221;null&#8221; button_two_bg_color__hover_enabled=&#8221;off&#8221; button_two_bg_color__hover=&#8221;null&#8221; sticky_enabled=&#8221;0&#8243;]<br \/>\n[\/et_pb_button][\/et_pb_column][\/et_pb_row][\/et_pb_section][et_pb_section fb_built=&#8221;1&#8243; custom_padding_last_edited=&#8221;off|desktop&#8221; module_id=&#8221;sending&#8221; _builder_version=&#8221;4.2.2&#8243; background_color=&#8221;rgba(255,255,255,0)&#8221; custom_margin_last_edited=&#8221;off|desktop&#8221; custom_padding_tablet=&#8221;50px|0|50px|0&#8243; transparent_background=&#8221;on&#8221; padding_mobile=&#8221;off&#8221; make_fullwidth=&#8221;off&#8221; use_custom_width=&#8221;off&#8221; width_unit=&#8221;on&#8221; custom_width_px=&#8221;1080px&#8221; custom_width_percent=&#8221;80%&#8221; global_colors_info=&#8221;{}&#8221;][et_pb_row column_structure=&#8221;1_3,2_3&#8243; padding_mobile=&#8221;off&#8221; column_padding_mobile=&#8221;on&#8221; _builder_version=&#8221;4.2.2&#8243; background_size=&#8221;initial&#8221; background_position=&#8221;top_left&#8221; background_repeat=&#8221;repeat&#8221; make_fullwidth=&#8221;off&#8221; use_custom_width=&#8221;off&#8221; width_unit=&#8221;off&#8221; custom_width_px=&#8221;1080px&#8221; custom_width_percent=&#8221;80%&#8221; global_colors_info=&#8221;{}&#8221;][et_pb_column type=&#8221;1_3&#8243; _builder_version=&#8221;3.0.47&#8243; custom_padding=&#8221;|||&#8221; global_colors_info=&#8221;{}&#8221; custom_padding__hover=&#8221;|||&#8221;][et_pb_image src=&#8221;https:\/\/aimint.org\/ca-fr\/wp-content\/uploads\/sites\/47\/2020\/01\/BW-test-for-prayer-page-1.jpg&#8221; align_tablet=&#8221;center&#8221; align_phone=&#8221;&#8221; align_last_edited=&#8221;on|desktop&#8221; _builder_version=&#8221;3.23&#8243; use_border_color=&#8221;off&#8221; border_color=&#8221;#ffffff&#8221; border_style=&#8221;solid&#8221; animation=&#8221;off&#8221; sticky=&#8221;off&#8221; always_center_on_mobile=&#8221;on&#8221; global_colors_info=&#8221;{}&#8221;]<\/p>\n<p>\n&nbsp;<\/p>\n<p>[\/et_pb_image][\/et_pb_column][et_pb_column type=&#8221;2_3&#8243; _builder_version=&#8221;3.0.47&#8243; custom_padding=&#8221;|||&#8221; global_colors_info=&#8221;{}&#8221; custom_padding__hover=&#8221;|||&#8221;][et_pb_text admin_label=&#8221;SERVING AS PRAYER PARTNER&#8221; _builder_version=&#8221;3.27.4&#8243; header_2_font=&#8221;Patua One||||||||&#8221; header_2_font_size=&#8221;35px&#8221; background_size=&#8221;initial&#8221; background_position=&#8221;top_left&#8221; background_repeat=&#8221;repeat&#8221; custom_padding=&#8221;||0px|&#8221; use_border_color=&#8221;off&#8221; border_style=&#8221;solid&#8221; global_colors_info=&#8221;{}&#8221;]<\/p>\n<h2>Servir de partenaire de pri\u00e8re<\/h2>\n<p>[\/et_pb_text][et_pb_text _builder_version=&#8221;3.27.4&#8243; background_size=&#8221;initial&#8221; background_position=&#8221;top_left&#8221; background_repeat=&#8221;repeat&#8221; custom_margin=&#8221;0px|||&#8221; custom_padding=&#8221;0px||0px|&#8221; use_border_color=&#8221;off&#8221; global_colors_info=&#8221;{}&#8221;]<\/p>\n<p>C&#8217;est profond et c&#8217;est simple. Et c&#8217;est rempli de foi. Des mots prononc\u00e9s, murmur\u00e9s, ou simplement pens\u00e9s, dirig\u00e9s vers notre Dieu invisible et souverain &#8211; qui nous invite \u00e0 cet acte m\u00eame &#8211; l&#8217;acte de pri\u00e8re. &#8220;Appelle-moi et je te r\u00e9pondrai&#8230;&#8221; (J\u00e9r\u00e9mie 33:3)<\/p>\n<p>La pri\u00e8re est un \u00e9l\u00e9ment central du travail d&#8217;Africa Inland Mission, et nous avons le privil\u00e8ge de nous joindre aux croyants du monde entier pour prier afin que Dieu \u00e9tablisse son Eglise parmi tous les peuples d&#8217;Afrique.<\/p>\n<p>Nous vous invitons \u00e0 vous joindre \u00e0 nous dans la pri\u00e8re et \u00e0 soutenir nos travailleurs lorsqu&#8217;ils partagent la Bonne Nouvelle dans des endroits difficiles, \u00e0 soutenir les derniers groupes de population non atteints en Afrique, \u00e0 soutenir le travail existant et les nouvelles initiatives de l&#8217;AIM, et \u00e0 soutenir les d\u00e9fis, les obstacles et les opportunit\u00e9s qui se pr\u00e9sentent en cours de route.<\/p>\n<p>Et si nous pouvons prier pour vous d&#8217;une mani\u00e8re ou d&#8217;une autre, envoyez-nous un mot et faites-le nous savoir. Nous serions honor\u00e9s de le faire.<\/p>\n<p>[\/et_pb_text][\/et_pb_column][\/et_pb_row][\/et_pb_section]<\/p>\n","protected":false},"excerpt":{"rendered":"<p>Plus de 1000 peuples africains n\u2019ont pas encore entendu la Bonne Nouvelle de J\u00e9sus-Christ. Notre priorit\u00e9 en tant que mission est d\u2019atteindre les non-atteints de l\u2019Afrique et de voir un jour, \u00e0 travers le continent, s\u2019\u00e9tablir et s\u2019\u00e9panouir des \u00e9glises centr\u00e9es sur Christ. Ceci est une t\u00e2che \u00e9norme, et une t\u00e2che qui ne peut \u00eatre [&hellip;]<\/p>\n","protected":false},"author":2,"featured_media":0,"parent":0,"menu_order":0,"comment_status":"closed","ping_status":"closed","template":"","meta":{"_acf_changed":false,"_et_pb_use_builder":"on","_et_pb_old_content":"","_et_gb_content_width":"","footnotes":"","_links_to":"","_links_to_target":""},"class_list":["post-341","page","type-page","status-publish","hentry"],"acf":[],"yoast_head":"<!-- This site is optimized with the Yoast SEO plugin v27.4 - https:\/\/yoast.com\/product\/yoast-seo-wordpress\/ -->\n<title>Pray - AIM Canada Francais<\/title>\n<meta name=\"robots\" content=\"index, follow, max-snippet:-1, max-image-preview:large, max-video-preview:-1\" \/>\n<link rel=\"canonical\" href=\"https:\/\/aimint.org\/ca-fr\/pray\/\" \/>\n<meta property=\"og:locale\" content=\"en_US\" \/>\n<meta property=\"og:type\" content=\"article\" \/>\n<meta property=\"og:title\" content=\"Pray - AIM Canada Francais\" \/>\n<meta property=\"og:description\" content=\"Plus de 1000 peuples africains n\u2019ont pas encore entendu la Bonne Nouvelle de J\u00e9sus-Christ. Notre priorit\u00e9 en tant que mission est d\u2019atteindre les non-atteints de l\u2019Afrique et de voir un jour, \u00e0 travers le continent, s\u2019\u00e9tablir et s\u2019\u00e9panouir des \u00e9glises centr\u00e9es sur Christ. Ceci est une t\u00e2che \u00e9norme, et une t\u00e2che qui ne peut \u00eatre [&hellip;]\" \/>\n<meta property=\"og:url\" content=\"https:\/\/aimint.org\/ca-fr\/pray\/\" \/>\n<meta property=\"og:site_name\" content=\"AIM Canada Francais\" \/>\n<meta property=\"article:modified_time\" content=\"2021-11-08T14:48:18+00:00\" \/>\n<meta name=\"twitter:card\" content=\"summary_large_image\" \/>\n<meta name=\"twitter:label1\" content=\"Est. reading time\" \/>\n\t<meta name=\"twitter:data1\" content=\"9 minutes\" \/>\n<script type=\"application\/ld+json\" class=\"yoast-schema-graph\">{\"@context\":\"https:\\\/\\\/schema.org\",\"@graph\":[{\"@type\":\"WebPage\",\"@id\":\"https:\\\/\\\/aimint.org\\\/ca-fr\\\/pray\\\/\",\"url\":\"https:\\\/\\\/aimint.org\\\/ca-fr\\\/pray\\\/\",\"name\":\"Pray - AIM Canada Francais\",\"isPartOf\":{\"@id\":\"https:\\\/\\\/aimint.org\\\/ca-fr\\\/#website\"},\"datePublished\":\"2020-01-29T16:37:06+00:00\",\"dateModified\":\"2021-11-08T14:48:18+00:00\",\"breadcrumb\":{\"@id\":\"https:\\\/\\\/aimint.org\\\/ca-fr\\\/pray\\\/#breadcrumb\"},\"inLanguage\":\"en-US\",\"potentialAction\":[{\"@type\":\"ReadAction\",\"target\":[\"https:\\\/\\\/aimint.org\\\/ca-fr\\\/pray\\\/\"]}]},{\"@type\":\"BreadcrumbList\",\"@id\":\"https:\\\/\\\/aimint.org\\\/ca-fr\\\/pray\\\/#breadcrumb\",\"itemListElement\":[{\"@type\":\"ListItem\",\"position\":1,\"name\":\"Home\",\"item\":\"https:\\\/\\\/aimint.org\\\/ca-fr\\\/\"},{\"@type\":\"ListItem\",\"position\":2,\"name\":\"Pray\"}]},{\"@type\":\"WebSite\",\"@id\":\"https:\\\/\\\/aimint.org\\\/ca-fr\\\/#website\",\"url\":\"https:\\\/\\\/aimint.org\\\/ca-fr\\\/\",\"name\":\"AIM Canada Francais\",\"description\":\"Africa Inland Mission\",\"potentialAction\":[{\"@type\":\"SearchAction\",\"target\":{\"@type\":\"EntryPoint\",\"urlTemplate\":\"https:\\\/\\\/aimint.org\\\/ca-fr\\\/?s={search_term_string}\"},\"query-input\":{\"@type\":\"PropertyValueSpecification\",\"valueRequired\":true,\"valueName\":\"search_term_string\"}}],\"inLanguage\":\"en-US\"}]}<\/script>\n<!-- \/ Yoast SEO plugin. -->","yoast_head_json":{"title":"Pray - AIM Canada Francais","robots":{"index":"index","follow":"follow","max-snippet":"max-snippet:-1","max-image-preview":"max-image-preview:large","max-video-preview":"max-video-preview:-1"},"canonical":"https:\/\/aimint.org\/ca-fr\/pray\/","og_locale":"en_US","og_type":"article","og_title":"Pray - AIM Canada Francais","og_description":"Plus de 1000 peuples africains n\u2019ont pas encore entendu la Bonne Nouvelle de J\u00e9sus-Christ. Notre priorit\u00e9 en tant que mission est d\u2019atteindre les non-atteints de l\u2019Afrique et de voir un jour, \u00e0 travers le continent, s\u2019\u00e9tablir et s\u2019\u00e9panouir des \u00e9glises centr\u00e9es sur Christ. Ceci est une t\u00e2che \u00e9norme, et une t\u00e2che qui ne peut \u00eatre [&hellip;]","og_url":"https:\/\/aimint.org\/ca-fr\/pray\/","og_site_name":"AIM Canada Francais","article_modified_time":"2021-11-08T14:48:18+00:00","twitter_card":"summary_large_image","twitter_misc":{"Est. reading time":"9 minutes"},"schema":{"@context":"https:\/\/schema.org","@graph":[{"@type":"WebPage","@id":"https:\/\/aimint.org\/ca-fr\/pray\/","url":"https:\/\/aimint.org\/ca-fr\/pray\/","name":"Pray - AIM Canada Francais","isPartOf":{"@id":"https:\/\/aimint.org\/ca-fr\/#website"},"datePublished":"2020-01-29T16:37:06+00:00","dateModified":"2021-11-08T14:48:18+00:00","breadcrumb":{"@id":"https:\/\/aimint.org\/ca-fr\/pray\/#breadcrumb"},"inLanguage":"en-US","potentialAction":[{"@type":"ReadAction","target":["https:\/\/aimint.org\/ca-fr\/pray\/"]}]},{"@type":"BreadcrumbList","@id":"https:\/\/aimint.org\/ca-fr\/pray\/#breadcrumb","itemListElement":[{"@type":"ListItem","position":1,"name":"Home","item":"https:\/\/aimint.org\/ca-fr\/"},{"@type":"ListItem","position":2,"name":"Pray"}]},{"@type":"WebSite","@id":"https:\/\/aimint.org\/ca-fr\/#website","url":"https:\/\/aimint.org\/ca-fr\/","name":"AIM Canada Francais","description":"Africa Inland Mission","potentialAction":[{"@type":"SearchAction","target":{"@type":"EntryPoint","urlTemplate":"https:\/\/aimint.org\/ca-fr\/?s={search_term_string}"},"query-input":{"@type":"PropertyValueSpecification","valueRequired":true,"valueName":"search_term_string"}}],"inLanguage":"en-US"}]}},"_links":{"self":[{"href":"https:\/\/aimint.org\/ca-fr\/wp-json\/wp\/v2\/pages\/341","targetHints":{"allow":["GET"]}}],"collection":[{"href":"https:\/\/aimint.org\/ca-fr\/wp-json\/wp\/v2\/pages"}],"about":[{"href":"https:\/\/aimint.org\/ca-fr\/wp-json\/wp\/v2\/types\/page"}],"author":[{"embeddable":true,"href":"https:\/\/aimint.org\/ca-fr\/wp-json\/wp\/v2\/users\/2"}],"replies":[{"embeddable":true,"href":"https:\/\/aimint.org\/ca-fr\/wp-json\/wp\/v2\/comments?post=341"}],"version-history":[{"count":25,"href":"https:\/\/aimint.org\/ca-fr\/wp-json\/wp\/v2\/pages\/341\/revisions"}],"predecessor-version":[{"id":5722,"href":"https:\/\/aimint.org\/ca-fr\/wp-json\/wp\/v2\/pages\/341\/revisions\/5722"}],"wp:attachment":[{"href":"https:\/\/aimint.org\/ca-fr\/wp-json\/wp\/v2\/media?parent=341"}],"curies":[{"name":"wp","href":"https:\/\/api.w.org\/{rel}","templated":true}]}}