{"id":4228,"date":"2021-11-01T14:46:19","date_gmt":"2021-11-01T14:46:19","guid":{"rendered":"https:\/\/aimint.org\/ca-fr\/?page_id=4228"},"modified":"2021-11-01T15:05:09","modified_gmt":"2021-11-01T15:05:09","slug":"modification-des-informations-relatives-a-vos-dons","status":"publish","type":"page","link":"https:\/\/aimint.org\/ca-fr\/modification-des-informations-relatives-a-vos-dons\/","title":{"rendered":"Modification des informations relatives \u00e0 vos dons"},"content":{"rendered":"<p>[et_pb_section fb_built=&#8221;1&#8243; _builder_version=&#8221;4.11.4&#8243; _module_preset=&#8221;default&#8221; global_colors_info=&#8221;{}&#8221;][et_pb_row column_structure=&#8221;1_2,1_2&#8243; _builder_version=&#8221;4.11.4&#8243; _module_preset=&#8221;default&#8221; global_colors_info=&#8221;{}&#8221;][et_pb_column type=&#8221;1_2&#8243; _builder_version=&#8221;4.11.4&#8243; _module_preset=&#8221;default&#8221; global_colors_info=&#8221;{}&#8221;][et_pb_text ul_item_indent=&#8221;35px&#8221; _builder_version=&#8221;4.11.4&#8243; _module_preset=&#8221;default&#8221; global_colors_info=&#8221;{}&#8221;]<\/p>\n<h4>Modification des informations relatives \u00e0 vos dons<\/h4>\n<p>Pour toute modification des informations relatives \u00e0 vos dons:<\/p>\n<ul>\n<li>Num\u00e9ro de carte de cr\u00e9dit<\/li>\n<li>CVV de la carte de cr\u00e9dit<\/li>\n<li>Date d&#8217;expiration de la carte de cr\u00e9dit<\/li>\n<li>Montant du don<\/li>\n<li>Fr\u00e9quence des dons<\/li>\n<li>Un changement d&#8217;adresse postale<\/li>\n<\/ul>\n<p>Veuillez contacter personnellement notre bureau au:<\/p>\n<ul>\n<li>Num\u00e9ro gratuit : 877-407-6077<\/li>\n<li>T\u00e9l\u00e9phone : 416-751-6077<\/li>\n<li><a href=\"general.ca@aimint.org\">general.ca@aimint.org<\/a><\/li>\n<\/ul>\n<h4>Merci !<\/h4>\n<p>[\/et_pb_text][\/et_pb_column][et_pb_column type=&#8221;1_2&#8243; _builder_version=&#8221;4.11.4&#8243; _module_preset=&#8221;default&#8221; global_colors_info=&#8221;{}&#8221;][et_pb_image src=&#8221;https:\/\/aimint.org\/ca-fr\/wp-content\/uploads\/sites\/47\/2021\/11\/Credit-card-picture.jpg&#8221; title_text=&#8221;Credit card picture&#8221; _builder_version=&#8221;4.11.4&#8243; _module_preset=&#8221;default&#8221; width=&#8221;60%&#8221; hover_enabled=&#8221;0&#8243; global_colors_info=&#8221;{}&#8221; sticky_enabled=&#8221;0&#8243;][\/et_pb_image][et_pb_image src=&#8221;https:\/\/aimint.org\/ca-fr\/wp-content\/uploads\/sites\/47\/2021\/11\/Cheque-picture.jpg&#8221; title_text=&#8221;Cheque picture&#8221; _builder_version=&#8221;4.11.4&#8243; _module_preset=&#8221;default&#8221; width=&#8221;60%&#8221; hover_enabled=&#8221;0&#8243; global_colors_info=&#8221;{}&#8221; sticky_enabled=&#8221;0&#8243;][\/et_pb_image][\/et_pb_column][\/et_pb_row][\/et_pb_section]<\/p>\n","protected":false},"excerpt":{"rendered":"<p>Modification des informations relatives \u00e0 vos dons Pour toute modification des informations relatives \u00e0 vos dons: Num\u00e9ro de carte de cr\u00e9dit CVV de la carte de cr\u00e9dit Date d&#8217;expiration de la carte de cr\u00e9dit Montant du don Fr\u00e9quence des dons Un changement d&#8217;adresse postale Veuillez contacter personnellement notre bureau au: Num\u00e9ro gratuit : 877-407-6077 T\u00e9l\u00e9phone [&hellip;]<\/p>\n","protected":false},"author":58,"featured_media":0,"parent":0,"menu_order":0,"comment_status":"closed","ping_status":"closed","template":"","meta":{"_acf_changed":false,"_et_pb_use_builder":"on","_et_pb_old_content":"","_et_gb_content_width":"","footnotes":"","_links_to":"","_links_to_target":""},"class_list":["post-4228","page","type-page","status-publish","hentry"],"acf":[],"yoast_head":"<!-- This site is optimized with the Yoast SEO plugin v27.4 - https:\/\/yoast.com\/product\/yoast-seo-wordpress\/ -->\n<title>Modification des informations relatives \u00e0 vos dons - AIM Canada Francais<\/title>\n<meta name=\"robots\" content=\"index, follow, max-snippet:-1, max-image-preview:large, max-video-preview:-1\" \/>\n<link rel=\"canonical\" href=\"https:\/\/aimint.org\/ca-fr\/modification-des-informations-relatives-a-vos-dons\/\" \/>\n<meta property=\"og:locale\" content=\"en_US\" \/>\n<meta property=\"og:type\" content=\"article\" \/>\n<meta property=\"og:title\" content=\"Modification des informations relatives \u00e0 vos dons - AIM Canada Francais\" \/>\n<meta property=\"og:description\" content=\"Modification des informations relatives \u00e0 vos dons Pour toute modification des informations relatives \u00e0 vos dons: Num\u00e9ro de carte de cr\u00e9dit CVV de la carte de cr\u00e9dit Date d&#039;expiration de la carte de cr\u00e9dit Montant du don Fr\u00e9quence des dons Un changement d&#039;adresse postale Veuillez contacter personnellement notre bureau au: Num\u00e9ro gratuit : 877-407-6077 T\u00e9l\u00e9phone [&hellip;]\" \/>\n<meta property=\"og:url\" content=\"https:\/\/aimint.org\/ca-fr\/modification-des-informations-relatives-a-vos-dons\/\" \/>\n<meta property=\"og:site_name\" content=\"AIM Canada Francais\" \/>\n<meta property=\"article:modified_time\" content=\"2021-11-01T15:05:09+00:00\" \/>\n<meta name=\"twitter:card\" content=\"summary_large_image\" \/>\n<meta name=\"twitter:label1\" content=\"Est. reading time\" \/>\n\t<meta name=\"twitter:data1\" content=\"1 minute\" \/>\n<script type=\"application\/ld+json\" class=\"yoast-schema-graph\">{\"@context\":\"https:\\\/\\\/schema.org\",\"@graph\":[{\"@type\":\"WebPage\",\"@id\":\"https:\\\/\\\/aimint.org\\\/ca-fr\\\/modification-des-informations-relatives-a-vos-dons\\\/\",\"url\":\"https:\\\/\\\/aimint.org\\\/ca-fr\\\/modification-des-informations-relatives-a-vos-dons\\\/\",\"name\":\"Modification des informations relatives \u00e0 vos dons - AIM Canada Francais\",\"isPartOf\":{\"@id\":\"https:\\\/\\\/aimint.org\\\/ca-fr\\\/#website\"},\"datePublished\":\"2021-11-01T14:46:19+00:00\",\"dateModified\":\"2021-11-01T15:05:09+00:00\",\"breadcrumb\":{\"@id\":\"https:\\\/\\\/aimint.org\\\/ca-fr\\\/modification-des-informations-relatives-a-vos-dons\\\/#breadcrumb\"},\"inLanguage\":\"en-US\",\"potentialAction\":[{\"@type\":\"ReadAction\",\"target\":[\"https:\\\/\\\/aimint.org\\\/ca-fr\\\/modification-des-informations-relatives-a-vos-dons\\\/\"]}]},{\"@type\":\"BreadcrumbList\",\"@id\":\"https:\\\/\\\/aimint.org\\\/ca-fr\\\/modification-des-informations-relatives-a-vos-dons\\\/#breadcrumb\",\"itemListElement\":[{\"@type\":\"ListItem\",\"position\":1,\"name\":\"Home\",\"item\":\"https:\\\/\\\/aimint.org\\\/ca-fr\\\/\"},{\"@type\":\"ListItem\",\"position\":2,\"name\":\"Modification des informations relatives \u00e0 vos dons\"}]},{\"@type\":\"WebSite\",\"@id\":\"https:\\\/\\\/aimint.org\\\/ca-fr\\\/#website\",\"url\":\"https:\\\/\\\/aimint.org\\\/ca-fr\\\/\",\"name\":\"AIM Canada Francais\",\"description\":\"Africa Inland Mission\",\"potentialAction\":[{\"@type\":\"SearchAction\",\"target\":{\"@type\":\"EntryPoint\",\"urlTemplate\":\"https:\\\/\\\/aimint.org\\\/ca-fr\\\/?s={search_term_string}\"},\"query-input\":{\"@type\":\"PropertyValueSpecification\",\"valueRequired\":true,\"valueName\":\"search_term_string\"}}],\"inLanguage\":\"en-US\"}]}<\/script>\n<!-- \/ Yoast SEO plugin. -->","yoast_head_json":{"title":"Modification des informations relatives \u00e0 vos dons - AIM Canada Francais","robots":{"index":"index","follow":"follow","max-snippet":"max-snippet:-1","max-image-preview":"max-image-preview:large","max-video-preview":"max-video-preview:-1"},"canonical":"https:\/\/aimint.org\/ca-fr\/modification-des-informations-relatives-a-vos-dons\/","og_locale":"en_US","og_type":"article","og_title":"Modification des informations relatives \u00e0 vos dons - AIM Canada Francais","og_description":"Modification des informations relatives \u00e0 vos dons Pour toute modification des informations relatives \u00e0 vos dons: Num\u00e9ro de carte de cr\u00e9dit CVV de la carte de cr\u00e9dit Date d'expiration de la carte de cr\u00e9dit Montant du don Fr\u00e9quence des dons Un changement d'adresse postale Veuillez contacter personnellement notre bureau au: Num\u00e9ro gratuit : 877-407-6077 T\u00e9l\u00e9phone [&hellip;]","og_url":"https:\/\/aimint.org\/ca-fr\/modification-des-informations-relatives-a-vos-dons\/","og_site_name":"AIM Canada Francais","article_modified_time":"2021-11-01T15:05:09+00:00","twitter_card":"summary_large_image","twitter_misc":{"Est. reading time":"1 minute"},"schema":{"@context":"https:\/\/schema.org","@graph":[{"@type":"WebPage","@id":"https:\/\/aimint.org\/ca-fr\/modification-des-informations-relatives-a-vos-dons\/","url":"https:\/\/aimint.org\/ca-fr\/modification-des-informations-relatives-a-vos-dons\/","name":"Modification des informations relatives \u00e0 vos dons - AIM Canada Francais","isPartOf":{"@id":"https:\/\/aimint.org\/ca-fr\/#website"},"datePublished":"2021-11-01T14:46:19+00:00","dateModified":"2021-11-01T15:05:09+00:00","breadcrumb":{"@id":"https:\/\/aimint.org\/ca-fr\/modification-des-informations-relatives-a-vos-dons\/#breadcrumb"},"inLanguage":"en-US","potentialAction":[{"@type":"ReadAction","target":["https:\/\/aimint.org\/ca-fr\/modification-des-informations-relatives-a-vos-dons\/"]}]},{"@type":"BreadcrumbList","@id":"https:\/\/aimint.org\/ca-fr\/modification-des-informations-relatives-a-vos-dons\/#breadcrumb","itemListElement":[{"@type":"ListItem","position":1,"name":"Home","item":"https:\/\/aimint.org\/ca-fr\/"},{"@type":"ListItem","position":2,"name":"Modification des informations relatives \u00e0 vos dons"}]},{"@type":"WebSite","@id":"https:\/\/aimint.org\/ca-fr\/#website","url":"https:\/\/aimint.org\/ca-fr\/","name":"AIM Canada Francais","description":"Africa Inland Mission","potentialAction":[{"@type":"SearchAction","target":{"@type":"EntryPoint","urlTemplate":"https:\/\/aimint.org\/ca-fr\/?s={search_term_string}"},"query-input":{"@type":"PropertyValueSpecification","valueRequired":true,"valueName":"search_term_string"}}],"inLanguage":"en-US"}]}},"_links":{"self":[{"href":"https:\/\/aimint.org\/ca-fr\/wp-json\/wp\/v2\/pages\/4228","targetHints":{"allow":["GET"]}}],"collection":[{"href":"https:\/\/aimint.org\/ca-fr\/wp-json\/wp\/v2\/pages"}],"about":[{"href":"https:\/\/aimint.org\/ca-fr\/wp-json\/wp\/v2\/types\/page"}],"author":[{"embeddable":true,"href":"https:\/\/aimint.org\/ca-fr\/wp-json\/wp\/v2\/users\/58"}],"replies":[{"embeddable":true,"href":"https:\/\/aimint.org\/ca-fr\/wp-json\/wp\/v2\/comments?post=4228"}],"version-history":[{"count":5,"href":"https:\/\/aimint.org\/ca-fr\/wp-json\/wp\/v2\/pages\/4228\/revisions"}],"predecessor-version":[{"id":4238,"href":"https:\/\/aimint.org\/ca-fr\/wp-json\/wp\/v2\/pages\/4228\/revisions\/4238"}],"wp:attachment":[{"href":"https:\/\/aimint.org\/ca-fr\/wp-json\/wp\/v2\/media?parent=4228"}],"curies":[{"name":"wp","href":"https:\/\/api.w.org\/{rel}","templated":true}]}}